{"id":461,"date":"2024-02-05T01:33:26","date_gmt":"2024-02-05T00:33:26","guid":{"rendered":"https:\/\/higadocolombia.org\/?page_id=461"},"modified":"2025-05-26T14:22:05","modified_gmt":"2025-05-26T19:22:05","slug":"unidad-de-investigaciones","status":"publish","type":"page","link":"https:\/\/higadocolombia.org\/inicio\/unidad-de-investigaciones\/","title":{"rendered":"Unidad de investigaci\u00f3n"},"content":{"rendered":"\t\t<div data-elementor-type=\"wp-page\" data-elementor-id=\"461\" class=\"elementor elementor-461\" data-elementor-post-type=\"page\">\n\t\t\t\t<div class=\"elementor-element elementor-element-494ee62 e-con-full e-flex wpr-particle-no wpr-jarallax-no wpr-parallax-no wpr-sticky-section-no e-con e-parent\" data-id=\"494ee62\" data-element_type=\"container\">\n\t\t\t\t<div class=\"elementor-element elementor-element-0a7a2ca elementor-pagination-position-outside elementor-widget__width-inherit elementor--h-position-center elementor--v-position-middle elementor-arrows-position-inside elementor-widget elementor-widget-slides\" data-id=\"0a7a2ca\" data-element_type=\"widget\" data-settings=\"{&quot;navigation&quot;:&quot;both&quot;,&quot;autoplay&quot;:&quot;yes&quot;,&quot;pause_on_hover&quot;:&quot;yes&quot;,&quot;pause_on_interaction&quot;:&quot;yes&quot;,&quot;autoplay_speed&quot;:5000,&quot;infinite&quot;:&quot;yes&quot;,&quot;transition&quot;:&quot;slide&quot;,&quot;transition_speed&quot;:500}\" data-widget_type=\"slides.default\">\n\t\t\t\t<div class=\"elementor-widget-container\">\n\t\t\t\t\t\t\t\t\t<div class=\"elementor-swiper\">\n\t\t\t\t\t<div class=\"elementor-slides-wrapper elementor-main-swiper swiper\" role=\"region\" aria-roledescription=\"carousel\" aria-label=\"Slides\" dir=\"ltr\" data-animation=\"fadeInUp\">\n\t\t\t\t<div class=\"swiper-wrapper elementor-slides\">\n\t\t\t\t\t\t\t\t\t\t<div class=\"elementor-repeater-item-49e0435 swiper-slide\" role=\"group\" aria-roledescription=\"slide\"><div class=\"swiper-slide-bg\" role=\"img\"><\/div><div class=\"elementor-background-overlay\"><\/div><a class=\"swiper-slide-inner\" href=\"https:\/\/revistahepatologia.com\/index.php\/hepa\"><div class=\"swiper-slide-contents\"><div class=\"elementor-slide-heading\">Unidad de investigaciones<\/div><\/div><\/a><\/div>\t\t\t\t<\/div>\n\t\t\t\t\t\t\t<\/div>\n\t\t\t\t<\/div>\n\t\t\t\t\t\t\t\t<\/div>\n\t\t\t\t<\/div>\n\t\t\t\t<div class=\"elementor-element elementor-element-18423db elementor-widget elementor-widget-image\" data-id=\"18423db\" data-element_type=\"widget\" data-widget_type=\"image.default\">\n\t\t\t\t<div class=\"elementor-widget-container\">\n\t\t\t\t\t\t\t\t\t\t\t\t\t\t\t<img fetchpriority=\"high\" decoding=\"async\" width=\"800\" height=\"294\" src=\"https:\/\/higadocolombia.org\/wp-content\/uploads\/2024\/02\/Lineas-de-investigacion-07-de-tamano-grande-1024x376.jpeg\" class=\"attachment-large size-large wp-image-467\" alt=\"\" srcset=\"https:\/\/higadocolombia.org\/wp-content\/uploads\/2024\/02\/Lineas-de-investigacion-07-de-tamano-grande-1024x376.jpeg 1024w, https:\/\/higadocolombia.org\/wp-content\/uploads\/2024\/02\/Lineas-de-investigacion-07-de-tamano-grande-300x110.jpeg 300w, https:\/\/higadocolombia.org\/wp-content\/uploads\/2024\/02\/Lineas-de-investigacion-07-de-tamano-grande-768x282.jpeg 768w, https:\/\/higadocolombia.org\/wp-content\/uploads\/2024\/02\/Lineas-de-investigacion-07-de-tamano-grande.jpeg 1280w\" sizes=\"(max-width: 800px) 100vw, 800px\" \/>\t\t\t\t\t\t\t\t\t\t\t\t\t\t\t<\/div>\n\t\t\t\t<\/div>\n\t\t\t\t<div class=\"elementor-element elementor-element-e067f5b elementor-widget elementor-widget-heading\" data-id=\"e067f5b\" data-element_type=\"widget\" data-widget_type=\"heading.default\">\n\t\t\t\t<div class=\"elementor-widget-container\">\n\t\t\t\t\t<h2 class=\"elementor-heading-title elementor-size-default\">\u00a1Se parte de nuestra unidad de investigaciones!<\/h2>\t\t\t\t<\/div>\n\t\t\t\t<\/div>\n\t\t\t\t<div class=\"elementor-element elementor-element-dd3865e elementor-widget elementor-widget-text-editor\" data-id=\"dd3865e\" data-element_type=\"widget\" data-widget_type=\"text-editor.default\">\n\t\t\t\t<div class=\"elementor-widget-container\">\n\t\t\t\t\t\t\t\t\t<p>Elige la l\u00ednea de investigaci\u00f3n que quieres apoyar con tu conocimiento, y cont\u00e1ctanos a soporte@higadocolombia.org\u00a0 para que tu voz se escuche y marque la diferencia a trav\u00e9s de la unidad de investigaciones de la Asociaci\u00f3n Colombiana de Hepatolog\u00eda.\u00a0<\/p>\t\t\t\t\t\t\t\t<\/div>\n\t\t\t\t<\/div>\n\t\t\t\t<\/div>\n\t\t<div class=\"elementor-element elementor-element-8426030 e-flex e-con-boxed wpr-particle-no wpr-jarallax-no wpr-parallax-no wpr-sticky-section-no e-con e-parent\" data-id=\"8426030\" data-element_type=\"container\" data-settings=\"{&quot;background_background&quot;:&quot;classic&quot;}\">\n\t\t\t\t\t<div class=\"e-con-inner\">\n\t\t\t\t<div class=\"elementor-element elementor-element-d23b042 elementor-widget elementor-widget-heading\" data-id=\"d23b042\" data-element_type=\"widget\" data-widget_type=\"heading.default\">\n\t\t\t\t<div class=\"elementor-widget-container\">\n\t\t\t\t\t<h2 class=\"elementor-heading-title elementor-size-default\">Conoce nuestro banco de proyectos<\/h2>\t\t\t\t<\/div>\n\t\t\t\t<\/div>\n\t\t\t\t\t<\/div>\n\t\t\t\t<\/div>\n\t\t<div class=\"elementor-element elementor-element-8825029 e-flex e-con-boxed wpr-particle-no wpr-jarallax-no wpr-parallax-no wpr-sticky-section-no e-con e-parent\" data-id=\"8825029\" data-element_type=\"container\">\n\t\t\t\t\t<div class=\"e-con-inner\">\n\t\t<div class=\"elementor-element elementor-element-0a92210 e-con-full e-flex wpr-particle-no wpr-jarallax-no wpr-parallax-no wpr-sticky-section-no e-con e-child\" data-id=\"0a92210\" data-element_type=\"container\">\n\t\t\t\t<div class=\"elementor-element elementor-element-b8a448b elementor-widget elementor-widget-image-box\" data-id=\"b8a448b\" data-element_type=\"widget\" data-widget_type=\"image-box.default\">\n\t\t\t\t<div class=\"elementor-widget-container\">\n\t\t\t\t\t<div class=\"elementor-image-box-wrapper\"><div class=\"elementor-image-box-content\"><h3 class=\"elementor-image-box-title\">Caracterizaci\u00f3n de Hepatitis B Cr\u00f3nica en Adultos en Colombia: El impacto de las nuevas gu\u00edas de la OMS (2024) en la decisi\u00f3n de tratar<\/h3><p class=\"elementor-image-box-description\"><b>Objetivo: <\/b>Caracterizar por cl\u00ednica y laboratorio a la poblaci\u00f3n adulta con diagn\u00f3stico de hepatitis B cr\u00f3nica (fases 1 a 5 seg\u00fan la clasificaci\u00f3n europea) atendida en consulta externa de hepatolog\u00eda en Colombia durante el per\u00edodo 2025-2026.<br><b><br>Contacto: <\/b>Javier Hern\u00e1ndez Blanco, jhernandezblanco@gmail.com\n<\/p><\/div><\/div>\t\t\t\t<\/div>\n\t\t\t\t<\/div>\n\t\t\t\t<\/div>\n\t\t<div class=\"elementor-element elementor-element-60f9e75 e-con-full e-flex wpr-particle-no wpr-jarallax-no wpr-parallax-no wpr-sticky-section-no e-con e-child\" data-id=\"60f9e75\" data-element_type=\"container\">\n\t\t\t\t<div class=\"elementor-element elementor-element-81dbba9 elementor-widget elementor-widget-image-box\" data-id=\"81dbba9\" data-element_type=\"widget\" data-widget_type=\"image-box.default\">\n\t\t\t\t<div class=\"elementor-widget-container\">\n\t\t\t\t\t<div class=\"elementor-image-box-wrapper\"><div class=\"elementor-image-box-content\"><h3 class=\"elementor-image-box-title\">Microeliminaci\u00f3n de Hepatitis C: Estrategias ajustadas al entorno<\/h3><p class=\"elementor-image-box-description\"><b>Objetivo:<\/b> Implementar estrategias eficaces y contextualizadas de microeliminaci\u00f3n para la detecci\u00f3n de casos de hepatitis C (y posiblemente hepatitis B) en poblaci\u00f3n adulta en Colombia, 2025-2026.<br><b> <br> Contacto: <\/b>Javier Hern\u00e1ndez Blanco<br>jhernandezblanco@gmail.com<\/p><\/div><\/div>\t\t\t\t<\/div>\n\t\t\t\t<\/div>\n\t\t\t\t<\/div>\n\t\t<div class=\"elementor-element elementor-element-9c78097 e-con-full e-flex wpr-particle-no wpr-jarallax-no wpr-parallax-no wpr-sticky-section-no e-con e-child\" data-id=\"9c78097\" data-element_type=\"container\">\n\t\t\t\t<div class=\"elementor-element elementor-element-b683571 elementor-widget elementor-widget-image-box\" data-id=\"b683571\" data-element_type=\"widget\" data-widget_type=\"image-box.default\">\n\t\t\t\t<div class=\"elementor-widget-container\">\n\t\t\t\t\t<div class=\"elementor-image-box-wrapper\"><div class=\"elementor-image-box-content\"><h3 class=\"elementor-image-box-title\">Relaci\u00f3n entre el  alfabetismo m\u00e9dico y la fragilidad en pacientes con cirrosis hep\u00e1tica.<\/h3><p class=\"elementor-image-box-description\"><b>Objetivo:<\/b> Determinar la relaci\u00f3n entre el Analfabetismo en Salud y la fragilidad de los pacientes con cirrosis hep\u00e1tica en Colombia<br><b>\n\n<br> Contacto:<\/b> Ismael Yepes.<br>Tel\u00e9fono: +57 3216572466\n<\/p><\/div><\/div>\t\t\t\t<\/div>\n\t\t\t\t<\/div>\n\t\t\t\t<\/div>\n\t\t\t\t\t<\/div>\n\t\t\t\t<\/div>\n\t\t<div class=\"elementor-element elementor-element-b2af084 e-flex e-con-boxed wpr-particle-no wpr-jarallax-no wpr-parallax-no wpr-sticky-section-no e-con e-parent\" data-id=\"b2af084\" data-element_type=\"container\">\n\t\t\t\t\t<div class=\"e-con-inner\">\n\t\t<div class=\"elementor-element elementor-element-9a7ec62 e-con-full e-flex wpr-particle-no wpr-jarallax-no wpr-parallax-no wpr-sticky-section-no e-con e-child\" data-id=\"9a7ec62\" data-element_type=\"container\">\n\t\t\t\t<div class=\"elementor-element elementor-element-4c0ef8c elementor-widget elementor-widget-image-box\" data-id=\"4c0ef8c\" data-element_type=\"widget\" data-widget_type=\"image-box.default\">\n\t\t\t\t<div class=\"elementor-widget-container\">\n\t\t\t\t\t<div class=\"elementor-image-box-wrapper\"><div class=\"elementor-image-box-content\"><h3 class=\"elementor-image-box-title\">Prevalencia de fibrosis hep\u00e1tica en familiares de pacientes con cirrosis por MASLD: un estudio sobre el grado de consanguinidad.<\/h3><p class=\"elementor-image-box-description\"><b>Objetivo: <\/b>Determinar la prevalencia y los factores asociados a la presencia de fibrosis hep\u00e1tica en familiares de primer, segundo y tercer grado de consanguinidad de pacientes con cirrosis hep\u00e1tica secundaria a MASLD<br><b><br> Contacto:<\/b> Ismael Yepes. Tel\u00e9fono: +57 3216572466<\/p><\/div><\/div>\t\t\t\t<\/div>\n\t\t\t\t<\/div>\n\t\t\t\t<\/div>\n\t\t<div class=\"elementor-element elementor-element-9c4c8a9 e-con-full e-flex wpr-particle-no wpr-jarallax-no wpr-parallax-no wpr-sticky-section-no e-con e-child\" data-id=\"9c4c8a9\" data-element_type=\"container\">\n\t\t\t\t<div class=\"elementor-element elementor-element-f2ab604 elementor-widget elementor-widget-image-box\" data-id=\"f2ab604\" data-element_type=\"widget\" data-widget_type=\"image-box.default\">\n\t\t\t\t<div class=\"elementor-widget-container\">\n\t\t\t\t\t<div class=\"elementor-image-box-wrapper\"><div class=\"elementor-image-box-content\"><h3 class=\"elementor-image-box-title\">Supervivencia en pacientes con hepatocarcinoma llevados a trasplante hep\u00e1tico en un Hospital Universitario<\/h3><p class=\"elementor-image-box-description\"><b>Objetivo: <\/b>Estimar el riesgo absoluto de recurrencia de hepatocarcinoma en pacientes llevados a trasplante hep\u00e1tico por hepatocarcinoma que cumplen con los criterios de Mil\u00e1n en un centro de referencia de trasplante hep\u00e1tico en Colombia.\n<br><b><br> Contacto:<\/b> Juan Ignacio Mar\u00edn. jmarin@hptu.org.co<\/p><\/div><\/div>\t\t\t\t<\/div>\n\t\t\t\t<\/div>\n\t\t\t\t<\/div>\n\t\t<div class=\"elementor-element elementor-element-deec736 e-con-full e-flex wpr-particle-no wpr-jarallax-no wpr-parallax-no wpr-sticky-section-no e-con e-child\" data-id=\"deec736\" data-element_type=\"container\">\n\t\t\t\t<div class=\"elementor-element elementor-element-cd4453c elementor-widget elementor-widget-image-box\" data-id=\"cd4453c\" data-element_type=\"widget\" data-widget_type=\"image-box.default\">\n\t\t\t\t<div class=\"elementor-widget-container\">\n\t\t\t\t\t<div class=\"elementor-image-box-wrapper\"><div class=\"elementor-image-box-content\"><h3 class=\"elementor-image-box-title\">Etiolog\u00eda, caracter\u00edsticas cl\u00ednicas y bioqu\u00edmicas y desenlaces en pacientes con toxicidad hep\u00e1tica en instituciones hospitalarias de Colombia. Estudio descriptivo multic\u00e9ntrico.<\/h3><p class=\"elementor-image-box-description\"><b>Objetivo: <\/b>Describir la etiolog\u00eda, caracter\u00edsticas cl\u00ednicas, bioqu\u00edmicas, las intervenciones realizadas y los desenlaces de la lesi\u00f3n hep\u00e1tica inducida por t\u00f3xicos en los pacientes atendidos en instituciones hospitalarias de Colombia.\n<b><br> <br>Contacto:<\/b> Andres F. Rodriguez-Gutierrez. afrodriguezg@gmail.com\n<\/p><\/div><\/div>\t\t\t\t<\/div>\n\t\t\t\t<\/div>\n\t\t\t\t<\/div>\n\t\t\t\t\t<\/div>\n\t\t\t\t<\/div>\n\t\t<div class=\"elementor-element elementor-element-783f852 e-flex e-con-boxed wpr-particle-no wpr-jarallax-no wpr-parallax-no wpr-sticky-section-no e-con e-parent\" data-id=\"783f852\" data-element_type=\"container\">\n\t\t\t\t\t<div class=\"e-con-inner\">\n\t\t<div class=\"elementor-element elementor-element-1c56ac8 e-con-full e-flex wpr-particle-no wpr-jarallax-no wpr-parallax-no wpr-sticky-section-no e-con e-child\" data-id=\"1c56ac8\" data-element_type=\"container\">\n\t\t\t\t<div class=\"elementor-element elementor-element-a23acf8 elementor-widget elementor-widget-image-box\" data-id=\"a23acf8\" data-element_type=\"widget\" data-widget_type=\"image-box.default\">\n\t\t\t\t<div class=\"elementor-widget-container\">\n\t\t\t\t\t<div class=\"elementor-image-box-wrapper\"><div class=\"elementor-image-box-content\"><h3 class=\"elementor-image-box-title\">Prevalencia de la encefalopat\u00eda hep\u00e1tica m\u00ednima en pacientes con cirrosis. Estudio de corte transversal multic\u00e9ntrico.<\/h3><p class=\"elementor-image-box-description\"><b>Objetivo: <\/b>Estimar la prevalencia de encefalopat\u00eda hep\u00e1tica m\u00ednima entre los pacientes atendidos en la consulta externa de centros de atenci\u00f3n de la enfermedad hep\u00e1tica de Colombia.\n<b><br> <br>Contacto:<\/b> Andres F. Rodriguez-Gutierrez. afrodriguezg@gmail.com\n<\/p><\/div><\/div>\t\t\t\t<\/div>\n\t\t\t\t<\/div>\n\t\t\t\t<\/div>\n\t\t<div class=\"elementor-element elementor-element-fbad388 e-con-full e-flex wpr-particle-no wpr-jarallax-no wpr-parallax-no wpr-sticky-section-no e-con e-child\" data-id=\"fbad388\" data-element_type=\"container\">\n\t\t\t\t<div class=\"elementor-element elementor-element-2b4990e elementor-widget elementor-widget-image-box\" data-id=\"2b4990e\" data-element_type=\"widget\" data-widget_type=\"image-box.default\">\n\t\t\t\t<div class=\"elementor-widget-container\">\n\t\t\t\t\t<div class=\"elementor-image-box-wrapper\"><div class=\"elementor-image-box-content\"><h3 class=\"elementor-image-box-title\">Rendimiento diagn\u00f3stico del \u201cAnimal naming test\u201d como prueba de cribado para encefalopat\u00eda hep\u00e1tica m\u00ednima<\/h3><p class=\"elementor-image-box-description\"><b>Objetivo:<\/b> Establecer las caracter\u00edsticas operativas de la precisi\u00f3n diagn\u00f3stica del \u201cAnimal naming test\u201d para encefalopat\u00eda hep\u00e1tica m\u00ednima en pacientes atendidos en centros de referencia de Colombia.\n<b><br> <br>Contacto: <\/b> Andres F. Rodriguez-Gutierrez. afrodriguezg@gmail.com<\/p><\/div><\/div>\t\t\t\t<\/div>\n\t\t\t\t<\/div>\n\t\t\t\t<\/div>\n\t\t<div class=\"elementor-element elementor-element-2267210 e-con-full e-flex wpr-particle-no wpr-jarallax-no wpr-parallax-no wpr-sticky-section-no e-con e-child\" data-id=\"2267210\" data-element_type=\"container\">\n\t\t\t\t<div class=\"elementor-element elementor-element-cfd568b elementor-widget elementor-widget-image-box\" data-id=\"cfd568b\" data-element_type=\"widget\" data-widget_type=\"image-box.default\">\n\t\t\t\t<div class=\"elementor-widget-container\">\n\t\t\t\t\t<div class=\"elementor-image-box-wrapper\"><div class=\"elementor-image-box-content\"><h3 class=\"elementor-image-box-title\">Proyecto C\u00d3NDOR<\/h3><p class=\"elementor-image-box-description\"><b>Objetivo:<\/b> Describir la evoluci\u00f3n cl\u00ednica de los pacientes con cirrosis hep\u00e1tica en Colombia, considerando factores etiol\u00f3gicos, territoriales y terap\u00e9uticos.\n\nEl Proyecto C\u00d3NDOR no solo llenar\u00e1 vac\u00edos cr\u00edticos de informaci\u00f3n, sino que proporcionar\u00e1 una base cient\u00edfica s\u00f3lida para optimizar el manejo de la cirrosis en nuestro pa\u00eds.\n\n<b><br> <br>Contacto: <\/b> Ismael Yepes. <br>Tel\u00e9fono: +57 3216572466 <br><\/p><\/div><\/div>\t\t\t\t<\/div>\n\t\t\t\t<\/div>\n\t\t\t\t<\/div>\n\t\t\t\t\t<\/div>\n\t\t\t\t<\/div>\n\t\t\t\t<\/div>\n\t\t","protected":false},"excerpt":{"rendered":"<p>Unidad de investigaciones \u00a1Se parte de nuestra unidad de investigaciones! Elige la l\u00ednea de investigaci\u00f3n que quieres apoyar con tu conocimiento, y cont\u00e1ctanos a soporte@higadocolombia.org\u00a0 para que tu voz se escuche y marque la diferencia a trav\u00e9s de la unidad de investigaciones de la Asociaci\u00f3n Colombiana de Hepatolog\u00eda.\u00a0 Conoce nuestro banco de proyectos Caracterizaci\u00f3n de Hepatitis B Cr\u00f3nica en Adultos en Colombia: El impacto de las nuevas gu\u00edas de la OMS (2024) en la decisi\u00f3n de tratar Objetivo: Caracterizar por cl\u00ednica y laboratorio a la poblaci\u00f3n adulta con diagn\u00f3stico de hepatitis B cr\u00f3nica (fases 1 a 5 seg\u00fan la clasificaci\u00f3n europea) atendida en consulta externa de hepatolog\u00eda en Colombia durante el per\u00edodo 2025-2026.Contacto: Javier Hern\u00e1ndez Blanco, jhernandezblanco@gmail.com Microeliminaci\u00f3n de Hepatitis C: Estrategias ajustadas al entorno Objetivo: Implementar estrategias eficaces y contextualizadas de microeliminaci\u00f3n para la detecci\u00f3n de casos de hepatitis C (y posiblemente hepatitis B) en poblaci\u00f3n adulta en Colombia, 2025-2026. Contacto: Javier Hern\u00e1ndez Blancojhernandezblanco@gmail.com Relaci\u00f3n entre el alfabetismo m\u00e9dico y la fragilidad en pacientes con cirrosis hep\u00e1tica. Objetivo: Determinar la relaci\u00f3n entre el Analfabetismo en Salud y la fragilidad de los pacientes con cirrosis hep\u00e1tica en Colombia Contacto: Ismael Yepes.Tel\u00e9fono: +57 3216572466 Prevalencia de fibrosis hep\u00e1tica en familiares de pacientes con cirrosis por MASLD: un estudio sobre el grado de consanguinidad. Objetivo: Determinar la prevalencia y los factores asociados a la presencia de fibrosis hep\u00e1tica en familiares de primer, segundo y tercer grado de consanguinidad de pacientes con cirrosis hep\u00e1tica secundaria a MASLD Contacto: Ismael Yepes. Tel\u00e9fono: +57 3216572466 Supervivencia en pacientes con hepatocarcinoma llevados a trasplante hep\u00e1tico en un Hospital Universitario Objetivo: Estimar el riesgo absoluto de recurrencia de hepatocarcinoma en pacientes llevados a trasplante hep\u00e1tico por hepatocarcinoma que cumplen con los criterios de Mil\u00e1n en un centro de referencia de trasplante hep\u00e1tico en Colombia. Contacto: Juan Ignacio Mar\u00edn. jmarin@hptu.org.co Etiolog\u00eda, caracter\u00edsticas cl\u00ednicas y bioqu\u00edmicas y desenlaces en pacientes con toxicidad hep\u00e1tica en instituciones hospitalarias de Colombia. Estudio descriptivo multic\u00e9ntrico. Objetivo: Describir la etiolog\u00eda, caracter\u00edsticas cl\u00ednicas, bioqu\u00edmicas, las intervenciones realizadas y los desenlaces de la lesi\u00f3n hep\u00e1tica inducida por t\u00f3xicos en los pacientes atendidos en instituciones hospitalarias de Colombia. Contacto: Andres F. Rodriguez-Gutierrez. afrodriguezg@gmail.com Prevalencia de la encefalopat\u00eda hep\u00e1tica m\u00ednima en pacientes con cirrosis. Estudio de corte transversal multic\u00e9ntrico. Objetivo: Estimar la prevalencia de encefalopat\u00eda hep\u00e1tica m\u00ednima entre los pacientes atendidos en la consulta externa de centros de atenci\u00f3n de la enfermedad hep\u00e1tica de Colombia. Contacto: Andres F. Rodriguez-Gutierrez. afrodriguezg@gmail.com Rendimiento diagn\u00f3stico del \u201cAnimal naming test\u201d como prueba de cribado para encefalopat\u00eda hep\u00e1tica m\u00ednima Objetivo: Establecer las caracter\u00edsticas operativas de la precisi\u00f3n diagn\u00f3stica del \u201cAnimal naming test\u201d para encefalopat\u00eda hep\u00e1tica m\u00ednima en pacientes atendidos en centros de referencia de Colombia. Contacto: Andres F. Rodriguez-Gutierrez. afrodriguezg@gmail.com Proyecto C\u00d3NDOR Objetivo: Describir la evoluci\u00f3n cl\u00ednica de los pacientes con cirrosis hep\u00e1tica en Colombia, considerando factores etiol\u00f3gicos, territoriales y terap\u00e9uticos. El Proyecto C\u00d3NDOR no solo llenar\u00e1 vac\u00edos cr\u00edticos de informaci\u00f3n, sino que proporcionar\u00e1 una base cient\u00edfica s\u00f3lida para optimizar el manejo de la cirrosis en nuestro pa\u00eds. Contacto: Ismael Yepes. Tel\u00e9fono: +57 3216572466<\/p>\n","protected":false},"author":1,"featured_media":0,"parent":0,"menu_order":0,"comment_status":"closed","ping_status":"closed","template":"elementor_header_footer","meta":{"footnotes":""},"_links":{"self":[{"href":"https:\/\/higadocolombia.org\/inicio\/wp-json\/wp\/v2\/pages\/461"}],"collection":[{"href":"https:\/\/higadocolombia.org\/inicio\/wp-json\/wp\/v2\/pages"}],"about":[{"href":"https:\/\/higadocolombia.org\/inicio\/wp-json\/wp\/v2\/types\/page"}],"author":[{"embeddable":true,"href":"https:\/\/higadocolombia.org\/inicio\/wp-json\/wp\/v2\/users\/1"}],"replies":[{"embeddable":true,"href":"https:\/\/higadocolombia.org\/inicio\/wp-json\/wp\/v2\/comments?post=461"}],"version-history":[{"count":25,"href":"https:\/\/higadocolombia.org\/inicio\/wp-json\/wp\/v2\/pages\/461\/revisions"}],"predecessor-version":[{"id":1423,"href":"https:\/\/higadocolombia.org\/inicio\/wp-json\/wp\/v2\/pages\/461\/revisions\/1423"}],"wp:attachment":[{"href":"https:\/\/higadocolombia.org\/inicio\/wp-json\/wp\/v2\/media?parent=461"}],"curies":[{"name":"wp","href":"https:\/\/api.w.org\/{rel}","templated":true}]}}