{"id":412,"date":"2024-01-30T19:38:00","date_gmt":"2024-01-30T18:38:00","guid":{"rendered":"https:\/\/higadocolombia.org\/?page_id=412"},"modified":"2024-03-05T19:16:27","modified_gmt":"2024-03-06T00:16:27","slug":"imhep","status":"publish","type":"page","link":"https:\/\/higadocolombia.org\/inicio\/imhep\/","title":{"rendered":"IMHEP"},"content":{"rendered":"\t\t<div data-elementor-type=\"wp-page\" data-elementor-id=\"412\" class=\"elementor elementor-412\" data-elementor-post-type=\"page\">\n\t\t\t\t<div class=\"elementor-element elementor-element-faa5698 e-con-full e-flex wpr-particle-no wpr-jarallax-no wpr-parallax-no wpr-sticky-section-no e-con e-parent\" data-id=\"faa5698\" data-element_type=\"container\" data-settings=\"{&quot;background_background&quot;:&quot;classic&quot;}\">\n\t\t\t\t<\/div>\n\t\t<div class=\"elementor-element elementor-element-7f3f797 e-flex e-con-boxed wpr-particle-no wpr-jarallax-no wpr-parallax-no wpr-sticky-section-no e-con e-parent\" data-id=\"7f3f797\" data-element_type=\"container\">\n\t\t\t\t\t<div class=\"e-con-inner\">\n\t\t<div class=\"elementor-element elementor-element-194ad32 e-con-full e-flex wpr-particle-no wpr-jarallax-no wpr-parallax-no wpr-sticky-section-no e-con e-child\" data-id=\"194ad32\" data-element_type=\"container\">\n\t\t\t\t<div class=\"elementor-element elementor-element-1bfe89d elementor-widget elementor-widget-heading\" data-id=\"1bfe89d\" data-element_type=\"widget\" data-widget_type=\"heading.default\">\n\t\t\t\t<div class=\"elementor-widget-container\">\n\t\t\t\t\t<h2 class=\"elementor-heading-title elementor-size-default\">\u00bfQu\u00e9 es IMHEP?<\/h2>\t\t\t\t<\/div>\n\t\t\t\t<\/div>\n\t\t\t\t<div class=\"elementor-element elementor-element-7d62ac0 elementor-widget elementor-widget-text-editor\" data-id=\"7d62ac0\" data-element_type=\"widget\" data-widget_type=\"text-editor.default\">\n\t\t\t\t<div class=\"elementor-widget-container\">\n\t\t\t\t\t\t\t\t\t<p>Es un servicio especializado y personalizado de La Asociaci\u00f3n Colombiana de Hepatolog\u00eda, que ofrece sin costo a sus asociados la b\u00fasqueda y recuperaci\u00f3n de informaci\u00f3n en la especialidad; <b>con el objetivo de incrementar y fortalecer el proceso de investigaci\u00f3n<\/b>, actualizaci\u00f3n y producci\u00f3n de informaci\u00f3n m\u00e9dica cient\u00edfica.<\/p>\t\t\t\t\t\t\t\t<\/div>\n\t\t\t\t<\/div>\n\t\t\t\t<div class=\"elementor-element elementor-element-0ef3c0b elementor-widget elementor-widget-heading\" data-id=\"0ef3c0b\" data-element_type=\"widget\" data-widget_type=\"heading.default\">\n\t\t\t\t<div class=\"elementor-widget-container\">\n\t\t\t\t\t<h2 class=\"elementor-heading-title elementor-size-default\">Estimado\/a doctor\/a<\/h2>\t\t\t\t<\/div>\n\t\t\t\t<\/div>\n\t\t\t\t<div class=\"elementor-element elementor-element-7b69869 elementor-widget elementor-widget-text-editor\" data-id=\"7b69869\" data-element_type=\"widget\" data-widget_type=\"text-editor.default\">\n\t\t\t\t<div class=\"elementor-widget-container\">\n\t\t\t\t\t\t\t\t\t<p>En su correo <b>recibir\u00e1 peri\u00f3dicamente las tablas de contenido<\/b> de cuatro (4) Revistas de Hepatolog\u00eda, posteriormente tendr\u00e1 la opci\u00f3n de solicitar los art\u00edculos que requiera para su actualizaci\u00f3n.<\/p>\t\t\t\t\t\t\t\t<\/div>\n\t\t\t\t<\/div>\n\t\t\t\t<div class=\"elementor-element elementor-element-36b5045 elementor-widget elementor-widget-image\" data-id=\"36b5045\" data-element_type=\"widget\" data-widget_type=\"image.default\">\n\t\t\t\t<div class=\"elementor-widget-container\">\n\t\t\t\t\t\t\t\t\t\t\t\t\t\t\t<img fetchpriority=\"high\" decoding=\"async\" width=\"698\" height=\"270\" src=\"https:\/\/higadocolombia.org\/wp-content\/uploads\/2024\/01\/2017-05-25-18_29_39-Promocin-Revistas.pptx-solo-lectura-PowerPoint1.png\" class=\"attachment-large size-large wp-image-415\" alt=\"\" srcset=\"https:\/\/higadocolombia.org\/wp-content\/uploads\/2024\/01\/2017-05-25-18_29_39-Promocin-Revistas.pptx-solo-lectura-PowerPoint1.png 698w, https:\/\/higadocolombia.org\/wp-content\/uploads\/2024\/01\/2017-05-25-18_29_39-Promocin-Revistas.pptx-solo-lectura-PowerPoint1-300x116.png 300w\" sizes=\"(max-width: 698px) 100vw, 698px\" \/>\t\t\t\t\t\t\t\t\t\t\t\t\t\t\t<\/div>\n\t\t\t\t<\/div>\n\t\t\t\t<div class=\"elementor-element elementor-element-9ca0357 elementor-widget elementor-widget-spacer\" data-id=\"9ca0357\" data-element_type=\"widget\" data-widget_type=\"spacer.default\">\n\t\t\t\t<div class=\"elementor-widget-container\">\n\t\t\t\t\t\t\t<div class=\"elementor-spacer\">\n\t\t\t<div class=\"elementor-spacer-inner\"><\/div>\n\t\t<\/div>\n\t\t\t\t\t\t<\/div>\n\t\t\t\t<\/div>\n\t\t\t\t<div class=\"elementor-element elementor-element-61d6dcc elementor-mobile-align-center elementor-align-center elementor-widget elementor-widget-button\" data-id=\"61d6dcc\" data-element_type=\"widget\" data-widget_type=\"button.default\">\n\t\t\t\t<div class=\"elementor-widget-container\">\n\t\t\t\t\t\t\t\t\t<div class=\"elementor-button-wrapper\">\n\t\t\t\t\t<a class=\"elementor-button elementor-button-link elementor-size-xl\" href=\"https:\/\/docs.google.com\/forms\/d\/e\/1FAIpQLSeQQcCVsrHIK4jqJ05PGK7K1v5gFYBJEq0FOPd_NmCcpBgUQw\/viewform?c=0&#038;w=1\">\n\t\t\t\t\t\t<span class=\"elementor-button-content-wrapper\">\n\t\t\t\t\t\t\t\t\t<span class=\"elementor-button-text\">Solicitud de b\u00fasqueda de informaci\u00f3n<\/span>\n\t\t\t\t\t<\/span>\n\t\t\t\t\t<\/a>\n\t\t\t\t<\/div>\n\t\t\t\t\t\t\t\t<\/div>\n\t\t\t\t<\/div>\n\t\t\t\t<div class=\"elementor-element elementor-element-e39edd7 elementor-mobile-align-center elementor-align-center elementor-widget elementor-widget-button\" data-id=\"e39edd7\" data-element_type=\"widget\" data-widget_type=\"button.default\">\n\t\t\t\t<div class=\"elementor-widget-container\">\n\t\t\t\t\t\t\t\t\t<div class=\"elementor-button-wrapper\">\n\t\t\t\t\t<a class=\"elementor-button elementor-button-link elementor-size-xl\" href=\"https:\/\/docs.google.com\/forms\/d\/e\/1FAIpQLSeYVz1DyFs-tX34S6KIOyM4olLHUWjXqoBbqZSfxVq_PIXhkw\/viewform?c=0&#038;w=1\">\n\t\t\t\t\t\t<span class=\"elementor-button-content-wrapper\">\n\t\t\t\t\t\t\t\t\t<span class=\"elementor-button-text\">Solicitud de art\u00edculos con referencia<\/span>\n\t\t\t\t\t<\/span>\n\t\t\t\t\t<\/a>\n\t\t\t\t<\/div>\n\t\t\t\t\t\t\t\t<\/div>\n\t\t\t\t<\/div>\n\t\t\t\t<div class=\"elementor-element elementor-element-894e31e elementor-widget elementor-widget-spacer\" data-id=\"894e31e\" data-element_type=\"widget\" data-widget_type=\"spacer.default\">\n\t\t\t\t<div class=\"elementor-widget-container\">\n\t\t\t\t\t\t\t<div class=\"elementor-spacer\">\n\t\t\t<div class=\"elementor-spacer-inner\"><\/div>\n\t\t<\/div>\n\t\t\t\t\t\t<\/div>\n\t\t\t\t<\/div>\n\t\t\t\t<div class=\"elementor-element elementor-element-08ec29f elementor-widget elementor-widget-heading\" data-id=\"08ec29f\" data-element_type=\"widget\" data-widget_type=\"heading.default\">\n\t\t\t\t<div class=\"elementor-widget-container\">\n\t\t\t\t\t<h2 class=\"elementor-heading-title elementor-size-default\">Solicita m\u00e1s informaci\u00f3n<\/h2>\t\t\t\t<\/div>\n\t\t\t\t<\/div>\n\t\t\t\t<div class=\"elementor-element elementor-element-b0dde2a elementor-widget elementor-widget-text-editor\" data-id=\"b0dde2a\" data-element_type=\"widget\" data-widget_type=\"text-editor.default\">\n\t\t\t\t<div class=\"elementor-widget-container\">\n\t\t\t\t\t\t\t\t\t<p><b>Correo: <\/b>infomedica.higadocolombia@gmail.com<\/p>\n<p><b>WhatsApp:<\/b> +57 311 271 0830<\/p>\n<p><b>Web: <\/b>www.higadocolombia.org<\/p>\t\t\t\t\t\t\t\t<\/div>\n\t\t\t\t<\/div>\n\t\t\t\t<\/div>\n\t\t<div class=\"elementor-element elementor-element-79f06a6 e-con-full e-flex wpr-particle-no wpr-jarallax-no wpr-parallax-no wpr-sticky-section-no e-con e-child\" data-id=\"79f06a6\" data-element_type=\"container\">\n\t\t\t\t<div class=\"elementor-element elementor-element-74f3e6a elementor-widget elementor-widget-heading\" data-id=\"74f3e6a\" data-element_type=\"widget\" data-widget_type=\"heading.default\">\n\t\t\t\t<div class=\"elementor-widget-container\">\n\t\t\t\t\t<h2 class=\"elementor-heading-title elementor-size-default\">Servicios<\/h2>\t\t\t\t<\/div>\n\t\t\t\t<\/div>\n\t\t\t\t<div class=\"elementor-element elementor-element-e879e31 elementor-widget elementor-widget-text-editor\" data-id=\"e879e31\" data-element_type=\"widget\" data-widget_type=\"text-editor.default\">\n\t\t\t\t<div class=\"elementor-widget-container\">\n\t\t\t\t\t\t\t\t\t<p>Los servicios ofrecidos est\u00e1n orientados a dar respuesta a las necesidades de informaci\u00f3n de los especialistas, de manera espec\u00edfica, apoyando y fortaleciendo los procesos de actualizaci\u00f3n e investigaci\u00f3n.<br \/><br \/><strong>\u2022 Asesor\u00eda Personalizada:<\/strong><br \/><br \/>Se ofrecer\u00e1 virtualmente a trav\u00e9s del contacto telef\u00f3nico, WhatsApp, formularios de solicitud en p\u00e1gina web y correo electr\u00f3nico. Estas modalidades con el prop\u00f3sito de ofrecer una completa e integral asistencia a las necesidades de informaci\u00f3n.<br \/><br \/><strong>\u2022 B\u00fasqueda de informaci\u00f3n especializada y elaboraci\u00f3n de Bibliograf\u00edas:<\/strong><br \/><br \/>Se enviara una compilaci\u00f3n de referencias bibliogr\u00e1ficas, pertinentes al tema de b\u00fasqueda solicitado. Estas son obtenidas de diferentes fuentes de informaci\u00f3n:<br \/><br \/><strong>\u2022\u00a0<\/strong>B\u00fasquedas de informaci\u00f3n en las herramientas Pubmed &#8211; Medline, Cochrane, entre otros.<br \/><strong>\u2022\u00a0<\/strong>B\u00fasquedas de informaci\u00f3n con enfoque de medicina basada en la evidencia MBE, para la elaboraci\u00f3n de meta-an\u00e1lisis, ensayos cl\u00ednicos controlados, revisiones sistem\u00e1ticas, etc.<br \/><strong>\u2022\u00a0<\/strong>B\u00fasquedas de informaci\u00f3n para la revisi\u00f3n del estado del arte de un tema y para la elaboraci\u00f3n de protocolos, gu\u00edas de pr\u00e1ctica cl\u00ednica basadas en la evidencia.<br \/><strong>\u2022\u00a0<\/strong>B\u00fasquedas de informaci\u00f3n de literatura iberoamericana, latinoamericana y nacional. (En idioma espa\u00f1ol, ingl\u00e9s, franc\u00e9s o portugu\u00e9s)<br \/><strong>\u2022\u00a0<\/strong>B\u00fasquedas de informaci\u00f3n para la soportar tesis, trabajos de grado o proyectos de investigaci\u00f3n.<br \/><a href=\"https:\/\/goo.gl\/forms\/6cr5I9N72zwlGkO13\" target=\"_blank\" rel=\"noopener\">\u201cSolicitar B\u00fasqueda\u201d<\/a><br \/><br \/><strong>\u2022 Localizaci\u00f3n y obtenci\u00f3n de documentos en texto completo:<\/strong><br \/><br \/>Localizaci\u00f3n y obtenci\u00f3n de cualquier tipo de documento o art\u00edculo publicado en revistas cient\u00edficas indexadas a nivel nacional o internacional, cap\u00edtulos de libros y otros documentos que se encuentren disponibles.<br \/><a href=\"https:\/\/goo.gl\/forms\/AcTcztJ9Bydi3OBf2\" target=\"_blank\" rel=\"noopener\">\u201cSolicitar Art\u00edculos\u201d<\/a><br \/><br \/><strong>\u2022 Tablas de Contenido de Revistas:<\/strong><br \/><br \/>Envi\u00f3 al correo electr\u00f3nico de las Tablas de Contenido de revistas cient\u00edficas indexadas de Hepatolog\u00eda, publicadas recientemente y dem\u00e1s referencias bibliogr\u00e1ficas de temas de inter\u00e9s.<\/p>\t\t\t\t\t\t\t\t<\/div>\n\t\t\t\t<\/div>\n\t\t\t\t<\/div>\n\t\t\t\t\t<\/div>\n\t\t\t\t<\/div>\n\t\t<div class=\"elementor-element elementor-element-b1a9d3e e-con-full e-flex wpr-particle-no wpr-jarallax-no wpr-parallax-no wpr-sticky-section-no e-con e-parent\" data-id=\"b1a9d3e\" data-element_type=\"container\">\n\t\t<div class=\"elementor-element elementor-element-400fc90 e-con-full e-flex wpr-particle-no wpr-jarallax-no wpr-parallax-no wpr-sticky-section-no e-con e-child\" data-id=\"400fc90\" data-element_type=\"container\" data-settings=\"{&quot;background_background&quot;:&quot;classic&quot;}\">\n\t\t\t\t<div class=\"elementor-element elementor-element-adc71aa elementor-widget elementor-widget-heading\" data-id=\"adc71aa\" data-element_type=\"widget\" data-widget_type=\"heading.default\">\n\t\t\t\t<div class=\"elementor-widget-container\">\n\t\t\t\t\t<h2 class=\"elementor-heading-title elementor-size-default\">\u00bfQuieres ser parte de la Asociaci\u00f3n Colombiana de Hepatolog\u00eda?<\/h2>\t\t\t\t<\/div>\n\t\t\t\t<\/div>\n\t\t\t\t<div class=\"elementor-element elementor-element-d6a6ec7 elementor-widget elementor-widget-heading\" data-id=\"d6a6ec7\" data-element_type=\"widget\" data-widget_type=\"heading.default\">\n\t\t\t\t<div class=\"elementor-widget-container\">\n\t\t\t\t\t<h2 class=\"elementor-heading-title elementor-size-default\">Env\u00edanos un correo a soporte@higadocolombia.org<br><br><\/h2>\t\t\t\t<\/div>\n\t\t\t\t<\/div>\n\t\t\t\t<\/div>\n\t\t\t\t<\/div>\n\t\t\t\t<\/div>\n\t\t","protected":false},"excerpt":{"rendered":"<p>\u00bfQu\u00e9 es IMHEP? Es un servicio especializado y personalizado de La Asociaci\u00f3n Colombiana de Hepatolog\u00eda, que ofrece sin costo a sus asociados la b\u00fasqueda y recuperaci\u00f3n de informaci\u00f3n en la especialidad; con el objetivo de incrementar y fortalecer el proceso de investigaci\u00f3n, actualizaci\u00f3n y producci\u00f3n de informaci\u00f3n m\u00e9dica cient\u00edfica. Estimado\/a doctor\/a En su correo recibir\u00e1 peri\u00f3dicamente las tablas de contenido de cuatro (4) Revistas de Hepatolog\u00eda, posteriormente tendr\u00e1 la opci\u00f3n de solicitar los art\u00edculos que requiera para su actualizaci\u00f3n. Solicitud de b\u00fasqueda de informaci\u00f3n Solicitud de art\u00edculos con referencia Solicita m\u00e1s informaci\u00f3n Correo: infomedica.higadocolombia@gmail.com WhatsApp: +57 311 271 0830 Web: www.higadocolombia.org Servicios Los servicios ofrecidos est\u00e1n orientados a dar respuesta a las necesidades de informaci\u00f3n de los especialistas, de manera espec\u00edfica, apoyando y fortaleciendo los procesos de actualizaci\u00f3n e investigaci\u00f3n. \u2022 Asesor\u00eda Personalizada: Se ofrecer\u00e1 virtualmente a trav\u00e9s del contacto telef\u00f3nico, WhatsApp, formularios de solicitud en p\u00e1gina web y correo electr\u00f3nico. Estas modalidades con el prop\u00f3sito de ofrecer una completa e integral asistencia a las necesidades de informaci\u00f3n. \u2022 B\u00fasqueda de informaci\u00f3n especializada y elaboraci\u00f3n de Bibliograf\u00edas: Se enviara una compilaci\u00f3n de referencias bibliogr\u00e1ficas, pertinentes al tema de b\u00fasqueda solicitado. Estas son obtenidas de diferentes fuentes de informaci\u00f3n: \u2022\u00a0B\u00fasquedas de informaci\u00f3n en las herramientas Pubmed &#8211; Medline, Cochrane, entre otros.\u2022\u00a0B\u00fasquedas de informaci\u00f3n con enfoque de medicina basada en la evidencia MBE, para la elaboraci\u00f3n de meta-an\u00e1lisis, ensayos cl\u00ednicos controlados, revisiones sistem\u00e1ticas, etc.\u2022\u00a0B\u00fasquedas de informaci\u00f3n para la revisi\u00f3n del estado del arte de un tema y para la elaboraci\u00f3n de protocolos, gu\u00edas de pr\u00e1ctica cl\u00ednica basadas en la evidencia.\u2022\u00a0B\u00fasquedas de informaci\u00f3n de literatura iberoamericana, latinoamericana y nacional. (En idioma espa\u00f1ol, ingl\u00e9s, franc\u00e9s o portugu\u00e9s)\u2022\u00a0B\u00fasquedas de informaci\u00f3n para la soportar tesis, trabajos de grado o proyectos de investigaci\u00f3n.\u201cSolicitar B\u00fasqueda\u201d \u2022 Localizaci\u00f3n y obtenci\u00f3n de documentos en texto completo: Localizaci\u00f3n y obtenci\u00f3n de cualquier tipo de documento o art\u00edculo publicado en revistas cient\u00edficas indexadas a nivel nacional o internacional, cap\u00edtulos de libros y otros documentos que se encuentren disponibles.\u201cSolicitar Art\u00edculos\u201d \u2022 Tablas de Contenido de Revistas: Envi\u00f3 al correo electr\u00f3nico de las Tablas de Contenido de revistas cient\u00edficas indexadas de Hepatolog\u00eda, publicadas recientemente y dem\u00e1s referencias bibliogr\u00e1ficas de temas de inter\u00e9s. \u00bfQuieres ser parte de la Asociaci\u00f3n Colombiana de Hepatolog\u00eda? Env\u00edanos un correo a soporte@higadocolombia.org<\/p>\n","protected":false},"author":1,"featured_media":0,"parent":0,"menu_order":0,"comment_status":"closed","ping_status":"closed","template":"elementor_header_footer","meta":{"footnotes":""},"_links":{"self":[{"href":"https:\/\/higadocolombia.org\/inicio\/wp-json\/wp\/v2\/pages\/412"}],"collection":[{"href":"https:\/\/higadocolombia.org\/inicio\/wp-json\/wp\/v2\/pages"}],"about":[{"href":"https:\/\/higadocolombia.org\/inicio\/wp-json\/wp\/v2\/types\/page"}],"author":[{"embeddable":true,"href":"https:\/\/higadocolombia.org\/inicio\/wp-json\/wp\/v2\/users\/1"}],"replies":[{"embeddable":true,"href":"https:\/\/higadocolombia.org\/inicio\/wp-json\/wp\/v2\/comments?post=412"}],"version-history":[{"count":49,"href":"https:\/\/higadocolombia.org\/inicio\/wp-json\/wp\/v2\/pages\/412\/revisions"}],"predecessor-version":[{"id":971,"href":"https:\/\/higadocolombia.org\/inicio\/wp-json\/wp\/v2\/pages\/412\/revisions\/971"}],"wp:attachment":[{"href":"https:\/\/higadocolombia.org\/inicio\/wp-json\/wp\/v2\/media?parent=412"}],"curies":[{"name":"wp","href":"https:\/\/api.w.org\/{rel}","templated":true}]}}