{"id":399,"date":"2024-01-30T19:24:05","date_gmt":"2024-01-30T18:24:05","guid":{"rendered":"https:\/\/higadocolombia.org\/?page_id=399"},"modified":"2025-09-16T10:43:16","modified_gmt":"2025-09-16T15:43:16","slug":"hepcampus","status":"publish","type":"page","link":"https:\/\/higadocolombia.org\/inicio\/hepcampus\/","title":{"rendered":"HepCampus"},"content":{"rendered":"\t\t<div data-elementor-type=\"wp-page\" data-elementor-id=\"399\" class=\"elementor elementor-399\" data-elementor-post-type=\"page\">\n\t\t\t\t<div class=\"elementor-element elementor-element-faa5698 e-flex e-con-boxed wpr-particle-no wpr-jarallax-no wpr-parallax-no wpr-sticky-section-no e-con e-parent\" data-id=\"faa5698\" data-element_type=\"container\" data-settings=\"{&quot;background_background&quot;:&quot;classic&quot;}\">\n\t\t\t\t\t<div class=\"e-con-inner\">\n\t\t\t\t<div class=\"elementor-element elementor-element-99ae2b6 elementor-widget elementor-widget-heading\" data-id=\"99ae2b6\" data-element_type=\"widget\" data-widget_type=\"heading.default\">\n\t\t\t\t<div class=\"elementor-widget-container\">\n\t\t\t\t\t<h2 class=\"elementor-heading-title elementor-size-default\"><br>Te invitamos a participar en<br><b>HepCampus, la plataforma educativa virtual de hepatitis C<\/b><\/h2>\t\t\t\t<\/div>\n\t\t\t\t<\/div>\n\t\t\t\t\t<\/div>\n\t\t\t\t<\/div>\n\t\t<div class=\"elementor-element elementor-element-0d8fd43 e-con-full e-flex wpr-particle-no wpr-jarallax-no wpr-parallax-no wpr-sticky-section-no e-con e-parent\" data-id=\"0d8fd43\" data-element_type=\"container\">\n\t\t<div class=\"elementor-element elementor-element-91d8ca4 e-con-full e-flex wpr-particle-no wpr-jarallax-no wpr-parallax-no wpr-sticky-section-no e-con e-child\" data-id=\"91d8ca4\" data-element_type=\"container\">\n\t\t\t\t<div class=\"elementor-element elementor-element-591408a elementor-widget elementor-widget-heading\" data-id=\"591408a\" data-element_type=\"widget\" data-widget_type=\"heading.default\">\n\t\t\t\t<div class=\"elementor-widget-container\">\n\t\t\t\t\t<h2 class=\"elementor-heading-title elementor-size-default\">Descubre HepCampus, actualizaci\u00f3n online sobre Hepatitis C<\/h2>\t\t\t\t<\/div>\n\t\t\t\t<\/div>\n\t\t\t\t<div class=\"elementor-element elementor-element-2d28d44 elementor-widget elementor-widget-text-editor\" data-id=\"2d28d44\" data-element_type=\"widget\" data-widget_type=\"text-editor.default\">\n\t\t\t\t<div class=\"elementor-widget-container\">\n\t\t\t\t\t\t\t\t\t<p><em>Un programa acad\u00e9mico integral que pone a disposici\u00f3n de la comunidad m\u00e9dica contenidos actualizados, pr\u00e1cticos y basados en la evidencia.<\/em><\/p>\t\t\t\t\t\t\t\t<\/div>\n\t\t\t\t<\/div>\n\t\t\t\t<div class=\"elementor-element elementor-element-58154e5 elementor-widget elementor-widget-video\" data-id=\"58154e5\" data-element_type=\"widget\" data-settings=\"{&quot;video_type&quot;:&quot;vimeo&quot;,&quot;autoplay&quot;:&quot;yes&quot;}\" data-widget_type=\"video.default\">\n\t\t\t\t<div class=\"elementor-widget-container\">\n\t\t\t\t\t\t\t<div class=\"elementor-wrapper elementor-open-inline\">\n\t\t\t<iframe class=\"elementor-video-iframe\" allowfullscreen allow=\"autoplay\" title=\"vimeo Video Player\" src=\"https:\/\/player.vimeo.com\/video\/1058758553?autoplay=1&amp;color&amp;autopause=0&amp;loop=0&amp;muted=0&amp;title=1&amp;portrait=1&amp;byline=1&amp;h=421d87593d#t=\"><\/iframe>\t\t<\/div>\n\t\t\t\t\t\t<\/div>\n\t\t\t\t<\/div>\n\t\t\t\t<\/div>\n\t\t<div class=\"elementor-element elementor-element-5ff3391 e-con-full e-flex wpr-particle-no wpr-jarallax-no wpr-parallax-no wpr-sticky-section-no e-con e-child\" data-id=\"5ff3391\" data-element_type=\"container\">\n\t\t\t\t<div class=\"elementor-element elementor-element-1c70866 elementor-widget elementor-widget-image\" data-id=\"1c70866\" data-element_type=\"widget\" data-widget_type=\"image.default\">\n\t\t\t\t<div class=\"elementor-widget-container\">\n\t\t\t\t\t\t\t\t\t\t\t\t\t\t\t<img decoding=\"async\" width=\"286\" height=\"34\" src=\"https:\/\/higadocolombia.org\/wp-content\/uploads\/2025\/09\/logo_inferior_footer_02-e1758037285624.webp\" class=\"attachment-large size-large wp-image-1452\" alt=\"\" \/>\t\t\t\t\t\t\t\t\t\t\t\t\t\t\t<\/div>\n\t\t\t\t<\/div>\n\t\t\t\t<div class=\"elementor-element elementor-element-82626c7 elementor-widget elementor-widget-text-editor\" data-id=\"82626c7\" data-element_type=\"widget\" data-widget_type=\"text-editor.default\">\n\t\t\t\t<div class=\"elementor-widget-container\">\n\t\t\t\t\t\t\t\t\t<p><b style=\"font-size: 1rem;\">La ruta de aprendizaje consiste en dos cursos:<\/b><\/p><p><b>Diagn\u00f3stico: <\/b>3 m\u00f3dulos dise\u00f1ados especialmente para m\u00e9dicos generales, con \u00e9nfasis en la identificaci\u00f3n temprana, factores de riesgo y tamizaje.<\/p><p><b>Tratamiento:<\/b> 3 m\u00f3dulos dirigidos a m\u00e9dicos especialistas, enfocados en la aplicaci\u00f3n de gu\u00edas nacionales, grupos especiales y escenarios cl\u00ednicos complejos.<\/p><p>Con HepCampus, los profesionales de la salud en Colombia cuentan con una herramienta \u00fanica para fortalecer sus competencias en la atenci\u00f3n integral de la Hepatitis C y contribuir al objetivo com\u00fan de su eliminaci\u00f3n.<\/p>\t\t\t\t\t\t\t\t<\/div>\n\t\t\t\t<\/div>\n\t\t\t\t<\/div>\n\t\t\t\t<\/div>\n\t\t<div class=\"elementor-element elementor-element-b5910f9 e-flex e-con-boxed wpr-particle-no wpr-jarallax-no wpr-parallax-no wpr-sticky-section-no e-con e-parent\" data-id=\"b5910f9\" data-element_type=\"container\">\n\t\t\t\t\t<div class=\"e-con-inner\">\n\t\t<div class=\"elementor-element elementor-element-0523727 e-con-full elementor-hidden-tablet elementor-hidden-mobile e-flex wpr-particle-no wpr-jarallax-no wpr-parallax-no wpr-sticky-section-no e-con e-child\" data-id=\"0523727\" data-element_type=\"container\">\n\t\t\t\t<\/div>\n\t\t<div class=\"elementor-element elementor-element-7aca326 e-con-full e-flex wpr-particle-no wpr-jarallax-no wpr-parallax-no wpr-sticky-section-no e-con e-child\" data-id=\"7aca326\" data-element_type=\"container\">\n\t\t\t\t<div class=\"elementor-element elementor-element-61d6dcc elementor-mobile-align-center elementor-align-center elementor-widget elementor-widget-button\" data-id=\"61d6dcc\" data-element_type=\"widget\" data-widget_type=\"button.default\">\n\t\t\t\t<div class=\"elementor-widget-container\">\n\t\t\t\t\t\t\t\t\t<div class=\"elementor-button-wrapper\">\n\t\t\t\t\t<a class=\"elementor-button elementor-button-link elementor-size-xl\" href=\"https:\/\/hepcampus.com\/register\/\">\n\t\t\t\t\t\t<span class=\"elementor-button-content-wrapper\">\n\t\t\t\t\t\t\t\t\t<span class=\"elementor-button-text\">Reg\u00edstrate aqu\u00ed<\/span>\n\t\t\t\t\t<\/span>\n\t\t\t\t\t<\/a>\n\t\t\t\t<\/div>\n\t\t\t\t\t\t\t\t<\/div>\n\t\t\t\t<\/div>\n\t\t\t\t<\/div>\n\t\t<div class=\"elementor-element elementor-element-c7175f6 e-con-full e-flex wpr-particle-no wpr-jarallax-no wpr-parallax-no wpr-sticky-section-no e-con e-child\" data-id=\"c7175f6\" data-element_type=\"container\">\n\t\t\t\t<div class=\"elementor-element elementor-element-e39edd7 elementor-mobile-align-center elementor-widget elementor-widget-button\" data-id=\"e39edd7\" data-element_type=\"widget\" data-widget_type=\"button.default\">\n\t\t\t\t<div class=\"elementor-widget-container\">\n\t\t\t\t\t\t\t\t\t<div class=\"elementor-button-wrapper\">\n\t\t\t\t\t<a class=\"elementor-button elementor-button-link elementor-size-xl\" href=\"https:\/\/higadocolombia.org\/wp-content\/uploads\/2025\/09\/Brochure-Hepcampus.pptx-1.pdf\">\n\t\t\t\t\t\t<span class=\"elementor-button-content-wrapper\">\n\t\t\t\t\t\t\t\t\t<span class=\"elementor-button-text\">M\u00e1s informaci\u00f3n<\/span>\n\t\t\t\t\t<\/span>\n\t\t\t\t\t<\/a>\n\t\t\t\t<\/div>\n\t\t\t\t\t\t\t\t<\/div>\n\t\t\t\t<\/div>\n\t\t\t\t<\/div>\n\t\t<div class=\"elementor-element elementor-element-9f798c8 e-con-full e-flex wpr-particle-no wpr-jarallax-no wpr-parallax-no wpr-sticky-section-no e-con e-child\" data-id=\"9f798c8\" data-element_type=\"container\">\n\t\t\t\t<\/div>\n\t\t\t\t\t<\/div>\n\t\t\t\t<\/div>\n\t\t<div class=\"elementor-element elementor-element-b1a9d3e e-con-full e-flex wpr-particle-no wpr-jarallax-no wpr-parallax-no wpr-sticky-section-no e-con e-parent\" data-id=\"b1a9d3e\" data-element_type=\"container\">\n\t\t<div class=\"elementor-element elementor-element-400fc90 e-con-full e-flex wpr-particle-no wpr-jarallax-no wpr-parallax-no wpr-sticky-section-no e-con e-child\" data-id=\"400fc90\" data-element_type=\"container\" data-settings=\"{&quot;background_background&quot;:&quot;classic&quot;}\">\n\t\t\t\t<div class=\"elementor-element elementor-element-adc71aa elementor-widget elementor-widget-heading\" data-id=\"adc71aa\" data-element_type=\"widget\" data-widget_type=\"heading.default\">\n\t\t\t\t<div class=\"elementor-widget-container\">\n\t\t\t\t\t<h2 class=\"elementor-heading-title elementor-size-default\">\u00bfQuieres ser parte de la Asociaci\u00f3n Colombiana de Hepatolog\u00eda?<\/h2>\t\t\t\t<\/div>\n\t\t\t\t<\/div>\n\t\t\t\t<div class=\"elementor-element elementor-element-d6a6ec7 elementor-widget elementor-widget-heading\" data-id=\"d6a6ec7\" data-element_type=\"widget\" data-widget_type=\"heading.default\">\n\t\t\t\t<div class=\"elementor-widget-container\">\n\t\t\t\t\t<h2 class=\"elementor-heading-title elementor-size-default\">Env\u00edanos un correo a soporte@higadocolombia.org<br><br><\/h2>\t\t\t\t<\/div>\n\t\t\t\t<\/div>\n\t\t\t\t<\/div>\n\t\t\t\t<\/div>\n\t\t\t\t<\/div>\n\t\t","protected":false},"excerpt":{"rendered":"<p>Te invitamos a participar enHepCampus, la plataforma educativa virtual de hepatitis C Descubre HepCampus, actualizaci\u00f3n online sobre Hepatitis C Un programa acad\u00e9mico integral que pone a disposici\u00f3n de la comunidad m\u00e9dica contenidos actualizados, pr\u00e1cticos y basados en la evidencia. https:\/\/player.vimeo.com\/video\/1058758553?h=421d87593d&#038;dnt=1&#038;app_id=122963 La ruta de aprendizaje consiste en dos cursos: Diagn\u00f3stico: 3 m\u00f3dulos dise\u00f1ados especialmente para m\u00e9dicos generales, con \u00e9nfasis en la identificaci\u00f3n temprana, factores de riesgo y tamizaje. Tratamiento: 3 m\u00f3dulos dirigidos a m\u00e9dicos especialistas, enfocados en la aplicaci\u00f3n de gu\u00edas nacionales, grupos especiales y escenarios cl\u00ednicos complejos. Con HepCampus, los profesionales de la salud en Colombia cuentan con una herramienta \u00fanica para fortalecer sus competencias en la atenci\u00f3n integral de la Hepatitis C y contribuir al objetivo com\u00fan de su eliminaci\u00f3n. Reg\u00edstrate aqu\u00ed M\u00e1s informaci\u00f3n \u00bfQuieres ser parte de la Asociaci\u00f3n Colombiana de Hepatolog\u00eda? Env\u00edanos un correo a soporte@higadocolombia.org<\/p>\n","protected":false},"author":1,"featured_media":0,"parent":0,"menu_order":0,"comment_status":"closed","ping_status":"closed","template":"elementor_header_footer","meta":{"footnotes":""},"_links":{"self":[{"href":"https:\/\/higadocolombia.org\/inicio\/wp-json\/wp\/v2\/pages\/399"}],"collection":[{"href":"https:\/\/higadocolombia.org\/inicio\/wp-json\/wp\/v2\/pages"}],"about":[{"href":"https:\/\/higadocolombia.org\/inicio\/wp-json\/wp\/v2\/types\/page"}],"author":[{"embeddable":true,"href":"https:\/\/higadocolombia.org\/inicio\/wp-json\/wp\/v2\/users\/1"}],"replies":[{"embeddable":true,"href":"https:\/\/higadocolombia.org\/inicio\/wp-json\/wp\/v2\/comments?post=399"}],"version-history":[{"count":10,"href":"https:\/\/higadocolombia.org\/inicio\/wp-json\/wp\/v2\/pages\/399\/revisions"}],"predecessor-version":[{"id":1455,"href":"https:\/\/higadocolombia.org\/inicio\/wp-json\/wp\/v2\/pages\/399\/revisions\/1455"}],"wp:attachment":[{"href":"https:\/\/higadocolombia.org\/inicio\/wp-json\/wp\/v2\/media?parent=399"}],"curies":[{"name":"wp","href":"https:\/\/api.w.org\/{rel}","templated":true}]}}