{"id":316,"date":"2024-01-29T02:41:11","date_gmt":"2024-01-29T01:41:11","guid":{"rendered":"https:\/\/higadocolombia.org\/?page_id=316"},"modified":"2024-01-29T03:02:12","modified_gmt":"2024-01-29T02:02:12","slug":"herramientas","status":"publish","type":"page","link":"https:\/\/higadocolombia.org\/inicio\/herramientas\/","title":{"rendered":"Herramientas"},"content":{"rendered":"\t\t<div data-elementor-type=\"wp-page\" data-elementor-id=\"316\" class=\"elementor elementor-316\" data-elementor-post-type=\"page\">\n\t\t\t\t<div class=\"elementor-element elementor-element-faa5698 e-flex e-con-boxed wpr-particle-no wpr-jarallax-no wpr-parallax-no wpr-sticky-section-no e-con e-parent\" data-id=\"faa5698\" data-element_type=\"container\" data-settings=\"{&quot;background_background&quot;:&quot;classic&quot;}\">\n\t\t\t\t\t<div class=\"e-con-inner\">\n\t\t\t\t<div class=\"elementor-element elementor-element-99ae2b6 elementor-widget elementor-widget-heading\" data-id=\"99ae2b6\" data-element_type=\"widget\" data-widget_type=\"heading.default\">\n\t\t\t\t<div class=\"elementor-widget-container\">\n\t\t\t\t\t<h2 class=\"elementor-heading-title elementor-size-default\"><br>Herramientas de apoyo para<br><b>profesionales de la salud en Hepatitis B y C<\/b><\/h2>\t\t\t\t<\/div>\n\t\t\t\t<\/div>\n\t\t\t\t\t<\/div>\n\t\t\t\t<\/div>\n\t\t<div class=\"elementor-element elementor-element-f7f9baf e-flex e-con-boxed wpr-particle-no wpr-jarallax-no wpr-parallax-no wpr-sticky-section-no e-con e-parent\" data-id=\"f7f9baf\" data-element_type=\"container\">\n\t\t\t\t\t<div class=\"e-con-inner\">\n\t\t\t\t<div class=\"elementor-element elementor-element-9234f10 elementor-grid-3 elementor-grid-tablet-2 elementor-grid-mobile-1 elementor-posts--thumbnail-top elementor-card-shadow-yes elementor-posts__hover-gradient elementor-widget elementor-widget-posts\" data-id=\"9234f10\" data-element_type=\"widget\" data-settings=\"{&quot;cards_columns&quot;:&quot;3&quot;,&quot;cards_columns_tablet&quot;:&quot;2&quot;,&quot;cards_columns_mobile&quot;:&quot;1&quot;,&quot;cards_row_gap&quot;:{&quot;unit&quot;:&quot;px&quot;,&quot;size&quot;:35,&quot;sizes&quot;:[]},&quot;cards_row_gap_tablet&quot;:{&quot;unit&quot;:&quot;px&quot;,&quot;size&quot;:&quot;&quot;,&quot;sizes&quot;:[]},&quot;cards_row_gap_mobile&quot;:{&quot;unit&quot;:&quot;px&quot;,&quot;size&quot;:&quot;&quot;,&quot;sizes&quot;:[]}}\" data-widget_type=\"posts.cards\">\n\t\t\t\t<div class=\"elementor-widget-container\">\n\t\t\t\t\t\t\t<div class=\"elementor-posts-container elementor-posts elementor-posts--skin-cards elementor-grid\">\n\t\t\t\t<article class=\"elementor-post elementor-grid-item post-323 post type-post status-publish format-standard has-post-thumbnail hentry category-blog\">\n\t\t\t<div class=\"elementor-post__card\">\n\t\t\t\t<a class=\"elementor-post__thumbnail__link\" href=\"https:\/\/higadocolombia.org\/inicio\/algoritmo-de-diagnostico-de-hepatitis-b-cronica\/\" tabindex=\"-1\" ><div class=\"elementor-post__thumbnail\"><img fetchpriority=\"high\" decoding=\"async\" width=\"218\" height=\"300\" src=\"https:\/\/higadocolombia.org\/wp-content\/uploads\/2024\/01\/f1.fw_-218x300.png\" class=\"attachment-medium size-medium wp-image-324\" alt=\"\" srcset=\"https:\/\/higadocolombia.org\/wp-content\/uploads\/2024\/01\/f1.fw_-218x300.png 218w, https:\/\/higadocolombia.org\/wp-content\/uploads\/2024\/01\/f1.fw_.png 448w\" sizes=\"(max-width: 218px) 100vw, 218px\" \/><\/div><\/a>\n\t\t\t\t<div class=\"elementor-post__text\">\n\t\t\t\t<h3 class=\"elementor-post__title\">\n\t\t\t<a href=\"https:\/\/higadocolombia.org\/inicio\/algoritmo-de-diagnostico-de-hepatitis-b-cronica\/\" >\n\t\t\t\tAlgoritmo de diagn\u00f3stico de Hepatitis B cr\u00f3nica\t\t\t<\/a>\n\t\t<\/h3>\n\t\t\n\t\t<a class=\"elementor-post__read-more\" href=\"https:\/\/higadocolombia.org\/inicio\/algoritmo-de-diagnostico-de-hepatitis-b-cronica\/\" aria-label=\"Read more about Algoritmo de diagn\u00f3stico de Hepatitis B cr\u00f3nica\" tabindex=\"-1\" >\n\t\t\tLeer m\u00e1s \u00bb\t\t<\/a>\n\n\t\t\t\t<\/div>\n\t\t\t\t\t<\/div>\n\t\t<\/article>\n\t\t\t\t<article class=\"elementor-post elementor-grid-item post-338 post type-post status-publish format-standard has-post-thumbnail hentry category-blog\">\n\t\t\t<div class=\"elementor-post__card\">\n\t\t\t\t<a class=\"elementor-post__thumbnail__link\" href=\"https:\/\/higadocolombia.org\/inicio\/clasificacion-de-la-hepatitis-b-segun-resultados-serologicos-y-adn-viral\/\" tabindex=\"-1\" ><div class=\"elementor-post__thumbnail\"><img decoding=\"async\" width=\"217\" height=\"300\" src=\"https:\/\/higadocolombia.org\/wp-content\/uploads\/2024\/01\/f2.fw_-217x300.png\" class=\"attachment-medium size-medium wp-image-340\" alt=\"\" srcset=\"https:\/\/higadocolombia.org\/wp-content\/uploads\/2024\/01\/f2.fw_-217x300.png 217w, https:\/\/higadocolombia.org\/wp-content\/uploads\/2024\/01\/f2.fw_.png 444w\" sizes=\"(max-width: 217px) 100vw, 217px\" \/><\/div><\/a>\n\t\t\t\t<div class=\"elementor-post__text\">\n\t\t\t\t<h3 class=\"elementor-post__title\">\n\t\t\t<a href=\"https:\/\/higadocolombia.org\/inicio\/clasificacion-de-la-hepatitis-b-segun-resultados-serologicos-y-adn-viral\/\" >\n\t\t\t\tClasificaci\u00f3n de la hepatitis B seg\u00fan resultados serol\u00f3gicos y ADN viral\t\t\t<\/a>\n\t\t<\/h3>\n\t\t\n\t\t<a class=\"elementor-post__read-more\" href=\"https:\/\/higadocolombia.org\/inicio\/clasificacion-de-la-hepatitis-b-segun-resultados-serologicos-y-adn-viral\/\" aria-label=\"Read more about Clasificaci\u00f3n de la hepatitis B seg\u00fan resultados serol\u00f3gicos y ADN viral\" tabindex=\"-1\" >\n\t\t\tLeer m\u00e1s \u00bb\t\t<\/a>\n\n\t\t\t\t<\/div>\n\t\t\t\t\t<\/div>\n\t\t<\/article>\n\t\t\t\t<article class=\"elementor-post elementor-grid-item post-344 post type-post status-publish format-standard has-post-thumbnail hentry category-blog\">\n\t\t\t<div class=\"elementor-post__card\">\n\t\t\t\t<a class=\"elementor-post__thumbnail__link\" href=\"https:\/\/higadocolombia.org\/inicio\/diagrama-de-flujo-de-diagnostico-de-hepatitis-c\/\" tabindex=\"-1\" ><div class=\"elementor-post__thumbnail\"><img decoding=\"async\" width=\"218\" height=\"300\" src=\"https:\/\/higadocolombia.org\/wp-content\/uploads\/2024\/01\/f3.fw_-218x300.png\" class=\"attachment-medium size-medium wp-image-346\" alt=\"\" srcset=\"https:\/\/higadocolombia.org\/wp-content\/uploads\/2024\/01\/f3.fw_-218x300.png 218w, https:\/\/higadocolombia.org\/wp-content\/uploads\/2024\/01\/f3.fw_.png 447w\" sizes=\"(max-width: 218px) 100vw, 218px\" \/><\/div><\/a>\n\t\t\t\t<div class=\"elementor-post__text\">\n\t\t\t\t<h3 class=\"elementor-post__title\">\n\t\t\t<a href=\"https:\/\/higadocolombia.org\/inicio\/diagrama-de-flujo-de-diagnostico-de-hepatitis-c\/\" >\n\t\t\t\tDiagrama de flujo de diagn\u00f3stico de hepatitis C\t\t\t<\/a>\n\t\t<\/h3>\n\t\t\n\t\t<a class=\"elementor-post__read-more\" href=\"https:\/\/higadocolombia.org\/inicio\/diagrama-de-flujo-de-diagnostico-de-hepatitis-c\/\" aria-label=\"Read more about Diagrama de flujo de diagn\u00f3stico de hepatitis C\" tabindex=\"-1\" >\n\t\t\tLeer m\u00e1s \u00bb\t\t<\/a>\n\n\t\t\t\t<\/div>\n\t\t\t\t\t<\/div>\n\t\t<\/article>\n\t\t\t\t<article class=\"elementor-post elementor-grid-item post-352 post type-post status-publish format-standard has-post-thumbnail hentry category-blog\">\n\t\t\t<div class=\"elementor-post__card\">\n\t\t\t\t<a class=\"elementor-post__thumbnail__link\" href=\"https:\/\/higadocolombia.org\/inicio\/a-quien-se-le-debe-realizar-una-prueba-de-hepatitis-c\/\" tabindex=\"-1\" ><div class=\"elementor-post__thumbnail\"><img loading=\"lazy\" decoding=\"async\" width=\"219\" height=\"300\" src=\"https:\/\/higadocolombia.org\/wp-content\/uploads\/2024\/01\/f4.fw_-219x300.png\" class=\"attachment-medium size-medium wp-image-347\" alt=\"\" srcset=\"https:\/\/higadocolombia.org\/wp-content\/uploads\/2024\/01\/f4.fw_-219x300.png 219w, https:\/\/higadocolombia.org\/wp-content\/uploads\/2024\/01\/f4.fw_.png 449w\" sizes=\"(max-width: 219px) 100vw, 219px\" \/><\/div><\/a>\n\t\t\t\t<div class=\"elementor-post__text\">\n\t\t\t\t<h3 class=\"elementor-post__title\">\n\t\t\t<a href=\"https:\/\/higadocolombia.org\/inicio\/a-quien-se-le-debe-realizar-una-prueba-de-hepatitis-c\/\" >\n\t\t\t\t\u00bfA qui\u00e9n se le debe realizar una prueba de hepatitis C?\t\t\t<\/a>\n\t\t<\/h3>\n\t\t\n\t\t<a class=\"elementor-post__read-more\" href=\"https:\/\/higadocolombia.org\/inicio\/a-quien-se-le-debe-realizar-una-prueba-de-hepatitis-c\/\" aria-label=\"Read more about \u00bfA qui\u00e9n se le debe realizar una prueba de hepatitis C?\" tabindex=\"-1\" >\n\t\t\tLeer m\u00e1s \u00bb\t\t<\/a>\n\n\t\t\t\t<\/div>\n\t\t\t\t\t<\/div>\n\t\t<\/article>\n\t\t\t\t<article class=\"elementor-post elementor-grid-item post-358 post type-post status-publish format-standard has-post-thumbnail hentry category-blog\">\n\t\t\t<div class=\"elementor-post__card\">\n\t\t\t\t<a class=\"elementor-post__thumbnail__link\" href=\"https:\/\/higadocolombia.org\/inicio\/claves-para-prevenir-la-transmision-materno-infantil-de-la-hepatitis-b\/\" tabindex=\"-1\" ><div class=\"elementor-post__thumbnail\"><img loading=\"lazy\" decoding=\"async\" width=\"220\" height=\"300\" src=\"https:\/\/higadocolombia.org\/wp-content\/uploads\/2024\/01\/f5.fw_-220x300.png\" class=\"attachment-medium size-medium wp-image-360\" alt=\"\" srcset=\"https:\/\/higadocolombia.org\/wp-content\/uploads\/2024\/01\/f5.fw_-220x300.png 220w, https:\/\/higadocolombia.org\/wp-content\/uploads\/2024\/01\/f5.fw_.png 449w\" sizes=\"(max-width: 220px) 100vw, 220px\" \/><\/div><\/a>\n\t\t\t\t<div class=\"elementor-post__text\">\n\t\t\t\t<h3 class=\"elementor-post__title\">\n\t\t\t<a href=\"https:\/\/higadocolombia.org\/inicio\/claves-para-prevenir-la-transmision-materno-infantil-de-la-hepatitis-b\/\" >\n\t\t\t\tClaves para prevenir la transmisi\u00f3n materno-infantil de la hepatitis B\t\t\t<\/a>\n\t\t<\/h3>\n\t\t\n\t\t<a class=\"elementor-post__read-more\" href=\"https:\/\/higadocolombia.org\/inicio\/claves-para-prevenir-la-transmision-materno-infantil-de-la-hepatitis-b\/\" aria-label=\"Read more about Claves para prevenir la transmisi\u00f3n materno-infantil de la hepatitis B\" tabindex=\"-1\" >\n\t\t\tLeer m\u00e1s \u00bb\t\t<\/a>\n\n\t\t\t\t<\/div>\n\t\t\t\t\t<\/div>\n\t\t<\/article>\n\t\t\t\t<article class=\"elementor-post elementor-grid-item post-365 post type-post status-publish format-standard has-post-thumbnail hentry category-blog\">\n\t\t\t<div class=\"elementor-post__card\">\n\t\t\t\t<a class=\"elementor-post__thumbnail__link\" href=\"https:\/\/higadocolombia.org\/inicio\/a-quien-se-le-debe-realizar-una-prueba-de-hepatitis-b\/\" tabindex=\"-1\" ><div class=\"elementor-post__thumbnail\"><img loading=\"lazy\" decoding=\"async\" width=\"218\" height=\"300\" src=\"https:\/\/higadocolombia.org\/wp-content\/uploads\/2024\/01\/f6.fw_-218x300.png\" class=\"attachment-medium size-medium wp-image-367\" alt=\"\" srcset=\"https:\/\/higadocolombia.org\/wp-content\/uploads\/2024\/01\/f6.fw_-218x300.png 218w, https:\/\/higadocolombia.org\/wp-content\/uploads\/2024\/01\/f6.fw_.png 446w\" sizes=\"(max-width: 218px) 100vw, 218px\" \/><\/div><\/a>\n\t\t\t\t<div class=\"elementor-post__text\">\n\t\t\t\t<h3 class=\"elementor-post__title\">\n\t\t\t<a href=\"https:\/\/higadocolombia.org\/inicio\/a-quien-se-le-debe-realizar-una-prueba-de-hepatitis-b\/\" >\n\t\t\t\t\u00bfA qui\u00e9n se le debe realizar una prueba de hepatitis B?\t\t\t<\/a>\n\t\t<\/h3>\n\t\t\n\t\t<a class=\"elementor-post__read-more\" href=\"https:\/\/higadocolombia.org\/inicio\/a-quien-se-le-debe-realizar-una-prueba-de-hepatitis-b\/\" aria-label=\"Read more about \u00bfA qui\u00e9n se le debe realizar una prueba de hepatitis B?\" tabindex=\"-1\" >\n\t\t\tLeer m\u00e1s \u00bb\t\t<\/a>\n\n\t\t\t\t<\/div>\n\t\t\t\t\t<\/div>\n\t\t<\/article>\n\t\t\t\t<\/div>\n\t\t\n\t\t\t\t\t\t<\/div>\n\t\t\t\t<\/div>\n\t\t\t\t\t<\/div>\n\t\t\t\t<\/div>\n\t\t<div class=\"elementor-element elementor-element-c1c837c e-flex e-con-boxed wpr-particle-no wpr-jarallax-no wpr-parallax-no wpr-sticky-section-no e-con e-parent\" data-id=\"c1c837c\" data-element_type=\"container\" data-settings=\"{&quot;background_background&quot;:&quot;classic&quot;}\">\n\t\t\t\t\t<div class=\"e-con-inner\">\n\t\t\t\t<div class=\"elementor-element elementor-element-f24b806 elementor-widget elementor-widget-heading\" data-id=\"f24b806\" data-element_type=\"widget\" data-widget_type=\"heading.default\">\n\t\t\t\t<div class=\"elementor-widget-container\">\n\t\t\t\t\t<h2 class=\"elementor-heading-title elementor-size-default\">\u00bfQuieres ser parte de la Asociaci\u00f3n Colombiana de Hepatolog\u00eda?<\/h2>\t\t\t\t<\/div>\n\t\t\t\t<\/div>\n\t\t\t\t<div class=\"elementor-element elementor-element-6f15468 elementor-widget elementor-widget-heading\" data-id=\"6f15468\" data-element_type=\"widget\" data-widget_type=\"heading.default\">\n\t\t\t\t<div class=\"elementor-widget-container\">\n\t\t\t\t\t<h2 class=\"elementor-heading-title elementor-size-default\">Env\u00edanos un correo a soporte@higadocolombia.org<\/h2>\t\t\t\t<\/div>\n\t\t\t\t<\/div>\n\t\t\t\t\t<\/div>\n\t\t\t\t<\/div>\n\t\t\t\t<\/div>\n\t\t","protected":false},"excerpt":{"rendered":"<p>Herramientas de apoyo paraprofesionales de la salud en Hepatitis B y C \u00bfQuieres ser parte de la Asociaci\u00f3n Colombiana de Hepatolog\u00eda? Env\u00edanos un correo a soporte@higadocolombia.org<\/p>\n","protected":false},"author":1,"featured_media":0,"parent":0,"menu_order":0,"comment_status":"closed","ping_status":"closed","template":"elementor_header_footer","meta":{"footnotes":""},"_links":{"self":[{"href":"https:\/\/higadocolombia.org\/inicio\/wp-json\/wp\/v2\/pages\/316"}],"collection":[{"href":"https:\/\/higadocolombia.org\/inicio\/wp-json\/wp\/v2\/pages"}],"about":[{"href":"https:\/\/higadocolombia.org\/inicio\/wp-json\/wp\/v2\/types\/page"}],"author":[{"embeddable":true,"href":"https:\/\/higadocolombia.org\/inicio\/wp-json\/wp\/v2\/users\/1"}],"replies":[{"embeddable":true,"href":"https:\/\/higadocolombia.org\/inicio\/wp-json\/wp\/v2\/comments?post=316"}],"version-history":[{"count":11,"href":"https:\/\/higadocolombia.org\/inicio\/wp-json\/wp\/v2\/pages\/316\/revisions"}],"predecessor-version":[{"id":374,"href":"https:\/\/higadocolombia.org\/inicio\/wp-json\/wp\/v2\/pages\/316\/revisions\/374"}],"wp:attachment":[{"href":"https:\/\/higadocolombia.org\/inicio\/wp-json\/wp\/v2\/media?parent=316"}],"curies":[{"name":"wp","href":"https:\/\/api.w.org\/{rel}","templated":true}]}}