{"id":281,"date":"2024-01-29T02:05:33","date_gmt":"2024-01-29T01:05:33","guid":{"rendered":"https:\/\/higadocolombia.org\/?page_id=281"},"modified":"2025-04-05T11:55:52","modified_gmt":"2025-04-05T16:55:52","slug":"cuadro-de-honor","status":"publish","type":"page","link":"https:\/\/higadocolombia.org\/inicio\/cuadro-de-honor\/","title":{"rendered":"Cuadro de honor"},"content":{"rendered":"\t\t<div data-elementor-type=\"wp-page\" data-elementor-id=\"281\" class=\"elementor elementor-281\" data-elementor-post-type=\"page\">\n\t\t\t\t<div class=\"elementor-element elementor-element-faa5698 e-flex e-con-boxed wpr-particle-no wpr-jarallax-no wpr-parallax-no wpr-sticky-section-no e-con e-parent\" data-id=\"faa5698\" data-element_type=\"container\" data-settings=\"{&quot;background_background&quot;:&quot;classic&quot;}\">\n\t\t\t\t\t<div class=\"e-con-inner\">\n\t\t\t\t<div class=\"elementor-element elementor-element-99ae2b6 elementor-widget elementor-widget-heading\" data-id=\"99ae2b6\" data-element_type=\"widget\" data-widget_type=\"heading.default\">\n\t\t\t\t<div class=\"elementor-widget-container\">\n\t\t\t\t\t<h2 class=\"elementor-heading-title elementor-size-default\"><br>Presidentes<br><b>Cuadro de honor de la Asociaci\u00f3n<\/b><\/h2>\t\t\t\t<\/div>\n\t\t\t\t<\/div>\n\t\t\t\t\t<\/div>\n\t\t\t\t<\/div>\n\t\t<div class=\"elementor-element elementor-element-25643ef e-flex e-con-boxed wpr-particle-no wpr-jarallax-no wpr-parallax-no wpr-sticky-section-no e-con e-parent\" data-id=\"25643ef\" data-element_type=\"container\">\n\t\t\t\t\t<div class=\"e-con-inner\">\n\t\t\t\t<div class=\"elementor-element elementor-element-82dbd71 elementor-widget elementor-widget-image\" data-id=\"82dbd71\" data-element_type=\"widget\" data-widget_type=\"image.default\">\n\t\t\t\t<div class=\"elementor-widget-container\">\n\t\t\t\t\t\t\t\t\t\t\t\t\t\t\t<img fetchpriority=\"high\" decoding=\"async\" width=\"800\" height=\"956\" src=\"https:\/\/higadocolombia.org\/wp-content\/uploads\/2025\/04\/Cuadro-de-honor-2025_Cuadro-de-honor-857x1024.png\" class=\"attachment-large size-large wp-image-1364\" alt=\"\" srcset=\"https:\/\/higadocolombia.org\/wp-content\/uploads\/2025\/04\/Cuadro-de-honor-2025_Cuadro-de-honor-857x1024.png 857w, https:\/\/higadocolombia.org\/wp-content\/uploads\/2025\/04\/Cuadro-de-honor-2025_Cuadro-de-honor-251x300.png 251w, https:\/\/higadocolombia.org\/wp-content\/uploads\/2025\/04\/Cuadro-de-honor-2025_Cuadro-de-honor-768x918.png 768w, https:\/\/higadocolombia.org\/wp-content\/uploads\/2025\/04\/Cuadro-de-honor-2025_Cuadro-de-honor-1285x1536.png 1285w, https:\/\/higadocolombia.org\/wp-content\/uploads\/2025\/04\/Cuadro-de-honor-2025_Cuadro-de-honor-1714x2048.png 1714w\" sizes=\"(max-width: 800px) 100vw, 800px\" \/>\t\t\t\t\t\t\t\t\t\t\t\t\t\t\t<\/div>\n\t\t\t\t<\/div>\n\t\t\t\t\t<\/div>\n\t\t\t\t<\/div>\n\t\t<div class=\"elementor-element elementor-element-c1c837c e-con-full e-flex wpr-particle-no wpr-jarallax-no wpr-parallax-no wpr-sticky-section-no e-con e-parent\" data-id=\"c1c837c\" data-element_type=\"container\" data-settings=\"{&quot;background_background&quot;:&quot;classic&quot;}\">\n\t\t\t\t<div class=\"elementor-element elementor-element-f24b806 elementor-widget elementor-widget-heading\" data-id=\"f24b806\" data-element_type=\"widget\" data-widget_type=\"heading.default\">\n\t\t\t\t<div class=\"elementor-widget-container\">\n\t\t\t\t\t<h2 class=\"elementor-heading-title elementor-size-default\">Presidentes de la Asociaci\u00f3n Colombiana de Hepatolog\u00eda<\/h2>\t\t\t\t<\/div>\n\t\t\t\t<\/div>\n\t\t\t\t<\/div>\n\t\t<div class=\"elementor-element elementor-element-f9f38c3 e-flex e-con-boxed wpr-particle-no wpr-jarallax-no wpr-parallax-no wpr-sticky-section-no e-con e-parent\" data-id=\"f9f38c3\" data-element_type=\"container\" data-settings=\"{&quot;background_background&quot;:&quot;classic&quot;}\">\n\t\t\t\t\t<div class=\"e-con-inner\">\n\t\t<div class=\"elementor-element elementor-element-67d39b3 e-con-full e-flex wpr-particle-no wpr-jarallax-no wpr-parallax-no wpr-sticky-section-no e-con e-child\" data-id=\"67d39b3\" data-element_type=\"container\">\n\t\t\t\t<div class=\"elementor-element elementor-element-4c2568f elementor-widget elementor-widget-text-editor\" data-id=\"4c2568f\" data-element_type=\"widget\" data-widget_type=\"text-editor.default\">\n\t\t\t\t<div class=\"elementor-widget-container\">\n\t\t\t\t\t\t\t\t\t<p><b>1987-1989<\/b> Carlos Jaramillo M.D<br><b>1989-1993<\/b> Rafael Claudino Botero M.D<br><b>1993-1995<\/b> Elsa Rojas M.D<br><b>1995-1997<\/b> Fernando Sierra M.D<br><b>1997-1999<\/b> Ra\u00fal Pi\u00f1a M.D<br><b>1999-2001<\/b> Carlos G\u00f3mez Carrascal M.D<br><b>2001-2003<\/b> Patricia \u00c1lvarez M.D<br><b>2003-2005<\/b> V\u00edctor Idrovo M.D<br><b>2005-2007<\/b> Jaime Holgu\u00edn M.D<\/p>\t\t\t\t\t\t\t\t<\/div>\n\t\t\t\t<\/div>\n\t\t\t\t<\/div>\n\t\t<div class=\"elementor-element elementor-element-3cdc1c6 e-con-full e-flex wpr-particle-no wpr-jarallax-no wpr-parallax-no wpr-sticky-section-no e-con e-child\" data-id=\"3cdc1c6\" data-element_type=\"container\">\n\t\t\t\t<div class=\"elementor-element elementor-element-87f3d9b elementor-widget elementor-widget-text-editor\" data-id=\"87f3d9b\" data-element_type=\"widget\" data-widget_type=\"text-editor.default\">\n\t\t\t\t<div class=\"elementor-widget-container\">\n\t\t\t\t\t\t\t\t\t<p><b>2007-2009<\/b> Rolando Ortega M.D<br><b>2009-2011<\/b> Gonzalo Guevara M.D<br><b>2011-2013<\/b> Yanette Suarez M.D<br><b>2013-2015<\/b> Oscar Beltr\u00e1n M.D<br><b>2015-2017 <\/b>Juan Carlos Restrepo M.D<br><b>2017-2019<\/b> Martin Garz\u00f3n Olarte M.D<br><b>2019-2021<\/b> Mauricio Orrego M.D<br><b>2021-2023<\/b> Javier Hern\u00e1ndez M.D<br><b>2023-2025<\/b> Juan Ignacio M.D<\/p>\t\t\t\t\t\t\t\t<\/div>\n\t\t\t\t<\/div>\n\t\t\t\t<\/div>\n\t\t\t\t\t<\/div>\n\t\t\t\t<\/div>\n\t\t\t\t<\/div>\n\t\t","protected":false},"excerpt":{"rendered":"<p>PresidentesCuadro de honor de la Asociaci\u00f3n Presidentes de la Asociaci\u00f3n Colombiana de Hepatolog\u00eda 1987-1989 Carlos Jaramillo M.D1989-1993 Rafael Claudino Botero M.D1993-1995 Elsa Rojas M.D1995-1997 Fernando Sierra M.D1997-1999 Ra\u00fal Pi\u00f1a M.D1999-2001 Carlos G\u00f3mez Carrascal M.D2001-2003 Patricia \u00c1lvarez M.D2003-2005 V\u00edctor Idrovo M.D2005-2007 Jaime Holgu\u00edn M.D 2007-2009 Rolando Ortega M.D2009-2011 Gonzalo Guevara M.D2011-2013 Yanette Suarez M.D2013-2015 Oscar Beltr\u00e1n M.D2015-2017 Juan Carlos Restrepo M.D2017-2019 Martin Garz\u00f3n Olarte M.D2019-2021 Mauricio Orrego M.D2021-2023 Javier Hern\u00e1ndez M.D2023-2025 Juan Ignacio M.D<\/p>\n","protected":false},"author":1,"featured_media":0,"parent":0,"menu_order":0,"comment_status":"closed","ping_status":"closed","template":"elementor_header_footer","meta":{"footnotes":""},"_links":{"self":[{"href":"https:\/\/higadocolombia.org\/inicio\/wp-json\/wp\/v2\/pages\/281"}],"collection":[{"href":"https:\/\/higadocolombia.org\/inicio\/wp-json\/wp\/v2\/pages"}],"about":[{"href":"https:\/\/higadocolombia.org\/inicio\/wp-json\/wp\/v2\/types\/page"}],"author":[{"embeddable":true,"href":"https:\/\/higadocolombia.org\/inicio\/wp-json\/wp\/v2\/users\/1"}],"replies":[{"embeddable":true,"href":"https:\/\/higadocolombia.org\/inicio\/wp-json\/wp\/v2\/comments?post=281"}],"version-history":[{"count":22,"href":"https:\/\/higadocolombia.org\/inicio\/wp-json\/wp\/v2\/pages\/281\/revisions"}],"predecessor-version":[{"id":1372,"href":"https:\/\/higadocolombia.org\/inicio\/wp-json\/wp\/v2\/pages\/281\/revisions\/1372"}],"wp:attachment":[{"href":"https:\/\/higadocolombia.org\/inicio\/wp-json\/wp\/v2\/media?parent=281"}],"curies":[{"name":"wp","href":"https:\/\/api.w.org\/{rel}","templated":true}]}}