{"id":260,"date":"2024-01-29T01:31:17","date_gmt":"2024-01-29T00:31:17","guid":{"rendered":"https:\/\/higadocolombia.org\/?page_id=260"},"modified":"2025-05-09T16:24:47","modified_gmt":"2025-05-09T21:24:47","slug":"nosotros","status":"publish","type":"page","link":"https:\/\/higadocolombia.org\/inicio\/nosotros\/","title":{"rendered":"Nosotros"},"content":{"rendered":"\t\t<div data-elementor-type=\"wp-page\" data-elementor-id=\"260\" class=\"elementor elementor-260\" data-elementor-post-type=\"page\">\n\t\t\t\t<div class=\"elementor-element elementor-element-faa5698 e-flex e-con-boxed wpr-particle-no wpr-jarallax-no wpr-parallax-no wpr-sticky-section-no e-con e-parent\" data-id=\"faa5698\" data-element_type=\"container\" data-settings=\"{&quot;background_background&quot;:&quot;classic&quot;}\">\n\t\t\t\t\t<div class=\"e-con-inner\">\n\t\t\t\t<div class=\"elementor-element elementor-element-99ae2b6 elementor-widget elementor-widget-heading\" data-id=\"99ae2b6\" data-element_type=\"widget\" data-widget_type=\"heading.default\">\n\t\t\t\t<div class=\"elementor-widget-container\">\n\t\t\t\t\t<h2 class=\"elementor-heading-title elementor-size-default\"><br>Conoce m\u00e1s sobre la <br><b>Asociaci\u00f3n Colombiana de Hepatolog\u00eda <\/b><\/h2>\t\t\t\t<\/div>\n\t\t\t\t<\/div>\n\t\t\t\t\t<\/div>\n\t\t\t\t<\/div>\n\t\t<div class=\"elementor-element elementor-element-1d585c3 e-flex e-con-boxed wpr-particle-no wpr-jarallax-no wpr-parallax-no wpr-sticky-section-no e-con e-parent\" data-id=\"1d585c3\" data-element_type=\"container\">\n\t\t\t\t\t<div class=\"e-con-inner\">\n\t\t<div class=\"elementor-element elementor-element-03034fc e-con-full e-flex wpr-particle-no wpr-jarallax-no wpr-parallax-no wpr-sticky-section-no e-con e-child\" data-id=\"03034fc\" data-element_type=\"container\" data-settings=\"{&quot;background_background&quot;:&quot;classic&quot;}\">\n\t\t\t\t<div class=\"elementor-element elementor-element-5bf77b0 elementor-widget elementor-widget-heading\" data-id=\"5bf77b0\" data-element_type=\"widget\" data-widget_type=\"heading.default\">\n\t\t\t\t<div class=\"elementor-widget-container\">\n\t\t\t\t\t<h2 class=\"elementor-heading-title elementor-size-default\">HISTORIA<\/h2>\t\t\t\t<\/div>\n\t\t\t\t<\/div>\n\t\t\t\t<div class=\"elementor-element elementor-element-34e4396 elementor-widget elementor-widget-text-editor\" data-id=\"34e4396\" data-element_type=\"widget\" data-widget_type=\"text-editor.default\">\n\t\t\t\t<div class=\"elementor-widget-container\">\n\t\t\t\t\t\t\t\t\t<div><p>La idea surgi\u00f3 en la ciudad de Medell\u00edn, el 1 de abril de 1987 en la biblioteca de la Asociaci\u00f3n m\u00e9dica de Antioquia, reuni\u00f3n promovida por el Dr. Carlos Jaramillo con los Drs. Gonzalo Correa y Mario Arbel\u00e1ez en raz\u00f3n de una comunicaci\u00f3n recibida por el Dr. Jaramillo envidada por el Dr. Luis C. Dacosta presidente de la Asoc. Latinoam\u00e9rica de Enfermedades del H\u00edgado, para constituir un cap\u00edtulo Colombiano de personas interesadas en las enfermedades del h\u00edgado.<\/p><\/div>\t\t\t\t\t\t\t\t<\/div>\n\t\t\t\t<\/div>\n\t\t\t\t<\/div>\n\t\t<div class=\"elementor-element elementor-element-06e296e e-con-full e-flex wpr-particle-no wpr-jarallax-no wpr-parallax-no wpr-sticky-section-no e-con e-child\" data-id=\"06e296e\" data-element_type=\"container\" data-settings=\"{&quot;background_background&quot;:&quot;classic&quot;}\">\n\t\t\t\t<div class=\"elementor-element elementor-element-dac534b elementor-widget elementor-widget-heading\" data-id=\"dac534b\" data-element_type=\"widget\" data-widget_type=\"heading.default\">\n\t\t\t\t<div class=\"elementor-widget-container\">\n\t\t\t\t\t<h2 class=\"elementor-heading-title elementor-size-default\">MISI\u00d3N<\/h2>\t\t\t\t<\/div>\n\t\t\t\t<\/div>\n\t\t\t\t<div class=\"elementor-element elementor-element-e93d14d elementor-widget elementor-widget-text-editor\" data-id=\"e93d14d\" data-element_type=\"widget\" data-widget_type=\"text-editor.default\">\n\t\t\t\t<div class=\"elementor-widget-container\">\n\t\t\t\t\t\t\t\t\t<p class=\"p1\">La Asociaci\u00f3n Colombiana de Hepatolog\u00eda trabaja para promover la excelencia en la atenci\u00f3n de las enfermedades hep\u00e1ticas, impulsar la investigaci\u00f3n colaborativa y fortalecer la educaci\u00f3n m\u00e9dica continua, siempre comprometida con la innovaci\u00f3n, la inclusi\u00f3n y el bienestar de sus asociados.<\/p><p class=\"p1\">Escuchando activamente la voz de sus agremiados, busca disminuir las brechas de calidad en la atenci\u00f3n en todo el pa\u00eds y mejorar la salud hep\u00e1tica de la poblaci\u00f3n, proyectando a la hepatolog\u00eda colombiana hacia un futuro de liderazgo nacional e internacional.<\/p>\t\t\t\t\t\t\t\t<\/div>\n\t\t\t\t<\/div>\n\t\t\t\t<\/div>\n\t\t<div class=\"elementor-element elementor-element-f9114f6 e-con-full e-flex wpr-particle-no wpr-jarallax-no wpr-parallax-no wpr-sticky-section-no e-con e-child\" data-id=\"f9114f6\" data-element_type=\"container\" data-settings=\"{&quot;background_background&quot;:&quot;classic&quot;}\">\n\t\t\t\t<div class=\"elementor-element elementor-element-1febd8e elementor-widget elementor-widget-heading\" data-id=\"1febd8e\" data-element_type=\"widget\" data-widget_type=\"heading.default\">\n\t\t\t\t<div class=\"elementor-widget-container\">\n\t\t\t\t\t<h2 class=\"elementor-heading-title elementor-size-default\">VISI\u00d3N<\/h2>\t\t\t\t<\/div>\n\t\t\t\t<\/div>\n\t\t\t\t<div class=\"elementor-element elementor-element-287e16a elementor-widget elementor-widget-text-editor\" data-id=\"287e16a\" data-element_type=\"widget\" data-widget_type=\"text-editor.default\">\n\t\t\t\t<div class=\"elementor-widget-container\">\n\t\t\t\t\t\t\t\t\t<p class=\"p1\">La Asociaci\u00f3n Colombiana de Hepatolog\u00eda ser\u00e1 un referente en educaci\u00f3n, investigaci\u00f3n y equidad en salud hep\u00e1tica, fortaleciendo el bienestar de sus asociados, reduciendo las brechas en la atenci\u00f3n y mejorando la calidad de vida de los pacientes con enfermedad hep\u00e1tica en Colombia, mientras consolida su proyecci\u00f3n y liderazgo en el \u00e1mbito internacional.<\/p>\t\t\t\t\t\t\t\t<\/div>\n\t\t\t\t<\/div>\n\t\t\t\t<\/div>\n\t\t\t\t\t<\/div>\n\t\t\t\t<\/div>\n\t\t<div class=\"elementor-element elementor-element-1101c43 e-flex e-con-boxed wpr-particle-no wpr-jarallax-no wpr-parallax-no wpr-sticky-section-no e-con e-parent\" data-id=\"1101c43\" data-element_type=\"container\">\n\t\t\t\t\t<div class=\"e-con-inner\">\n\t\t\t\t<div class=\"elementor-element elementor-element-bdebae6 elementor-widget elementor-widget-image\" data-id=\"bdebae6\" data-element_type=\"widget\" data-widget_type=\"image.default\">\n\t\t\t\t<div class=\"elementor-widget-container\">\n\t\t\t\t\t\t\t\t\t\t\t\t\t\t\t<img fetchpriority=\"high\" decoding=\"async\" width=\"800\" height=\"720\" src=\"https:\/\/higadocolombia.org\/wp-content\/uploads\/2025\/05\/Impulso_final--scaled-e1746825863258-1024x922.jpg\" class=\"attachment-large size-large wp-image-1404\" alt=\"\" srcset=\"https:\/\/higadocolombia.org\/wp-content\/uploads\/2025\/05\/Impulso_final--scaled-e1746825863258-1024x922.jpg 1024w, https:\/\/higadocolombia.org\/wp-content\/uploads\/2025\/05\/Impulso_final--scaled-e1746825863258-300x270.jpg 300w, https:\/\/higadocolombia.org\/wp-content\/uploads\/2025\/05\/Impulso_final--scaled-e1746825863258-768x691.jpg 768w, https:\/\/higadocolombia.org\/wp-content\/uploads\/2025\/05\/Impulso_final--scaled-e1746825863258-1536x1382.jpg 1536w, https:\/\/higadocolombia.org\/wp-content\/uploads\/2025\/05\/Impulso_final--scaled-e1746825863258.jpg 2048w\" sizes=\"(max-width: 800px) 100vw, 800px\" \/>\t\t\t\t\t\t\t\t\t\t\t\t\t\t\t<\/div>\n\t\t\t\t<\/div>\n\t\t\t\t\t<\/div>\n\t\t\t\t<\/div>\n\t\t<div class=\"elementor-element elementor-element-c1c837c e-flex e-con-boxed wpr-particle-no wpr-jarallax-no wpr-parallax-no wpr-sticky-section-no e-con e-parent\" data-id=\"c1c837c\" data-element_type=\"container\" data-settings=\"{&quot;background_background&quot;:&quot;classic&quot;}\">\n\t\t\t\t\t<div class=\"e-con-inner\">\n\t\t\t\t<div class=\"elementor-element elementor-element-f24b806 elementor-widget elementor-widget-heading\" data-id=\"f24b806\" data-element_type=\"widget\" data-widget_type=\"heading.default\">\n\t\t\t\t<div class=\"elementor-widget-container\">\n\t\t\t\t\t<h2 class=\"elementor-heading-title elementor-size-default\">Nuestros valores<\/h2>\t\t\t\t<\/div>\n\t\t\t\t<\/div>\n\t\t\t\t\t<\/div>\n\t\t\t\t<\/div>\n\t\t<div class=\"elementor-element elementor-element-06ff8e0 e-flex e-con-boxed wpr-particle-no wpr-jarallax-no wpr-parallax-no wpr-sticky-section-no e-con e-parent\" data-id=\"06ff8e0\" data-element_type=\"container\">\n\t\t\t\t\t<div class=\"e-con-inner\">\n\t\t<div class=\"elementor-element elementor-element-b8cbc56 e-con-full e-flex wpr-particle-no wpr-jarallax-no wpr-parallax-no wpr-sticky-section-no e-con e-child\" data-id=\"b8cbc56\" data-element_type=\"container\" data-settings=\"{&quot;background_background&quot;:&quot;classic&quot;}\">\n\t\t\t\t<div class=\"elementor-element elementor-element-47e7dff elementor-widget elementor-widget-heading\" data-id=\"47e7dff\" data-element_type=\"widget\" data-widget_type=\"heading.default\">\n\t\t\t\t<div class=\"elementor-widget-container\">\n\t\t\t\t\t<h2 class=\"elementor-heading-title elementor-size-default\">Excelencia<\/h2>\t\t\t\t<\/div>\n\t\t\t\t<\/div>\n\t\t\t\t<div class=\"elementor-element elementor-element-472a417 elementor-widget elementor-widget-text-editor\" data-id=\"472a417\" data-element_type=\"widget\" data-widget_type=\"text-editor.default\">\n\t\t\t\t<div class=\"elementor-widget-container\">\n\t\t\t\t\t\t\t\t\t<p class=\"p1\">Nos comprometemos a alcanzar los m\u00e1s altos est\u00e1ndares en la atenci\u00f3n m\u00e9dica, la investigaci\u00f3n y la formaci\u00f3n acad\u00e9mica, guiados siempre por la calidad y el rigor cient\u00edfico<b>.<\/b><\/p>\t\t\t\t\t\t\t\t<\/div>\n\t\t\t\t<\/div>\n\t\t\t\t<\/div>\n\t\t<div class=\"elementor-element elementor-element-1978443 e-con-full e-flex wpr-particle-no wpr-jarallax-no wpr-parallax-no wpr-sticky-section-no e-con e-child\" data-id=\"1978443\" data-element_type=\"container\" data-settings=\"{&quot;background_background&quot;:&quot;classic&quot;}\">\n\t\t\t\t<div class=\"elementor-element elementor-element-feed074 elementor-widget elementor-widget-heading\" data-id=\"feed074\" data-element_type=\"widget\" data-widget_type=\"heading.default\">\n\t\t\t\t<div class=\"elementor-widget-container\">\n\t\t\t\t\t<h2 class=\"elementor-heading-title elementor-size-default\">Innovaci\u00f3n<\/h2>\t\t\t\t<\/div>\n\t\t\t\t<\/div>\n\t\t\t\t<div class=\"elementor-element elementor-element-c38f864 elementor-widget elementor-widget-text-editor\" data-id=\"c38f864\" data-element_type=\"widget\" data-widget_type=\"text-editor.default\">\n\t\t\t\t<div class=\"elementor-widget-container\">\n\t\t\t\t\t\t\t\t\t<p class=\"p1\">Impulsamos el cambio y la modernizaci\u00f3n continua en la pr\u00e1ctica m\u00e9dica, la investigaci\u00f3n y la educaci\u00f3n, adapt\u00e1ndonos a los desaf\u00edos actuales y futuros de la hepatolog\u00eda.<\/p>\t\t\t\t\t\t\t\t<\/div>\n\t\t\t\t<\/div>\n\t\t\t\t<\/div>\n\t\t<div class=\"elementor-element elementor-element-7058969 e-con-full e-flex wpr-particle-no wpr-jarallax-no wpr-parallax-no wpr-sticky-section-no e-con e-child\" data-id=\"7058969\" data-element_type=\"container\" data-settings=\"{&quot;background_background&quot;:&quot;classic&quot;}\">\n\t\t\t\t<div class=\"elementor-element elementor-element-1838ad5 elementor-widget elementor-widget-heading\" data-id=\"1838ad5\" data-element_type=\"widget\" data-widget_type=\"heading.default\">\n\t\t\t\t<div class=\"elementor-widget-container\">\n\t\t\t\t\t<h2 class=\"elementor-heading-title elementor-size-default\">Equidad<\/h2>\t\t\t\t<\/div>\n\t\t\t\t<\/div>\n\t\t\t\t<div class=\"elementor-element elementor-element-84d2c9d elementor-widget elementor-widget-text-editor\" data-id=\"84d2c9d\" data-element_type=\"widget\" data-widget_type=\"text-editor.default\">\n\t\t\t\t<div class=\"elementor-widget-container\">\n\t\t\t\t\t\t\t\t\t<p class=\"p1\">Trabajamos para disminuir las brechas en el acceso a la atenci\u00f3n de calidad en todo el pa\u00eds, promoviendo una salud hep\u00e1tica inclusiva y justa para todos los colombianos.<\/p>\t\t\t\t\t\t\t\t<\/div>\n\t\t\t\t<\/div>\n\t\t\t\t<\/div>\n\t\t<div class=\"elementor-element elementor-element-ab1ddb9 e-con-full e-flex wpr-particle-no wpr-jarallax-no wpr-parallax-no wpr-sticky-section-no e-con e-child\" data-id=\"ab1ddb9\" data-element_type=\"container\" data-settings=\"{&quot;background_background&quot;:&quot;classic&quot;}\">\n\t\t\t\t<div class=\"elementor-element elementor-element-f95b118 elementor-widget elementor-widget-heading\" data-id=\"f95b118\" data-element_type=\"widget\" data-widget_type=\"heading.default\">\n\t\t\t\t<div class=\"elementor-widget-container\">\n\t\t\t\t\t<h2 class=\"elementor-heading-title elementor-size-default\">Bienestar de los asociados<\/h2>\t\t\t\t<\/div>\n\t\t\t\t<\/div>\n\t\t\t\t<div class=\"elementor-element elementor-element-7ceb845 elementor-widget elementor-widget-text-editor\" data-id=\"7ceb845\" data-element_type=\"widget\" data-widget_type=\"text-editor.default\">\n\t\t\t\t<div class=\"elementor-widget-container\">\n\t\t\t\t\t\t\t\t\t<p class=\"p1\">Promovemos un entorno de apoyo, crecimiento profesional y defensa gremial para nuestros miembros, reconociendo su papel fundamental en la transformaci\u00f3n de la salud hep\u00e1tica en Colombia.<\/p>\t\t\t\t\t\t\t\t<\/div>\n\t\t\t\t<\/div>\n\t\t\t\t<\/div>\n\t\t\t\t\t<\/div>\n\t\t\t\t<\/div>\n\t\t<div class=\"elementor-element elementor-element-75aded0 e-flex e-con-boxed wpr-particle-no wpr-jarallax-no wpr-parallax-no wpr-sticky-section-no e-con e-parent\" data-id=\"75aded0\" data-element_type=\"container\">\n\t\t\t\t\t<div class=\"e-con-inner\">\n\t\t<div class=\"elementor-element elementor-element-8fb7ecb e-con-full e-flex wpr-particle-no wpr-jarallax-no wpr-parallax-no wpr-sticky-section-no e-con e-child\" data-id=\"8fb7ecb\" data-element_type=\"container\" data-settings=\"{&quot;background_background&quot;:&quot;classic&quot;}\">\n\t\t\t\t<div class=\"elementor-element elementor-element-e15c712 elementor-widget elementor-widget-heading\" data-id=\"e15c712\" data-element_type=\"widget\" data-widget_type=\"heading.default\">\n\t\t\t\t<div class=\"elementor-widget-container\">\n\t\t\t\t\t<h2 class=\"elementor-heading-title elementor-size-default\">Participaci\u00f3n y democracia<\/h2>\t\t\t\t<\/div>\n\t\t\t\t<\/div>\n\t\t\t\t<div class=\"elementor-element elementor-element-62a3361 elementor-widget elementor-widget-text-editor\" data-id=\"62a3361\" data-element_type=\"widget\" data-widget_type=\"text-editor.default\">\n\t\t\t\t<div class=\"elementor-widget-container\">\n\t\t\t\t\t\t\t\t\t<p class=\"p1\">Valoramos la voz activa de nuestros agremiados en la toma de decisiones, fomentando la transparencia, la inclusi\u00f3n regional y la renovaci\u00f3n permanente del liderazgo.<\/p>\t\t\t\t\t\t\t\t<\/div>\n\t\t\t\t<\/div>\n\t\t\t\t<\/div>\n\t\t<div class=\"elementor-element elementor-element-fd21a2f e-con-full e-flex wpr-particle-no wpr-jarallax-no wpr-parallax-no wpr-sticky-section-no e-con e-child\" data-id=\"fd21a2f\" data-element_type=\"container\" data-settings=\"{&quot;background_background&quot;:&quot;classic&quot;}\">\n\t\t\t\t<div class=\"elementor-element elementor-element-2b92516 elementor-widget elementor-widget-heading\" data-id=\"2b92516\" data-element_type=\"widget\" data-widget_type=\"heading.default\">\n\t\t\t\t<div class=\"elementor-widget-container\">\n\t\t\t\t\t<h2 class=\"elementor-heading-title elementor-size-default\">Compromiso social<\/h2>\t\t\t\t<\/div>\n\t\t\t\t<\/div>\n\t\t\t\t<div class=\"elementor-element elementor-element-5dbf8d1 elementor-widget elementor-widget-text-editor\" data-id=\"5dbf8d1\" data-element_type=\"widget\" data-widget_type=\"text-editor.default\">\n\t\t\t\t<div class=\"elementor-widget-container\">\n\t\t\t\t\t\t\t\t\t<p class=\"p1\">Extendemos nuestra labor m\u00e1s all\u00e1 del \u00e1mbito acad\u00e9mico y cient\u00edfico, buscando impactar positivamente en la vida de los pacientes y en las comunidades m\u00e1s vulnerables.<\/p>\t\t\t\t\t\t\t\t<\/div>\n\t\t\t\t<\/div>\n\t\t\t\t<\/div>\n\t\t<div class=\"elementor-element elementor-element-3df0969 e-con-full e-flex wpr-particle-no wpr-jarallax-no wpr-parallax-no wpr-sticky-section-no e-con e-child\" data-id=\"3df0969\" data-element_type=\"container\" data-settings=\"{&quot;background_background&quot;:&quot;classic&quot;}\">\n\t\t\t\t<div class=\"elementor-element elementor-element-e8afb71 elementor-widget elementor-widget-heading\" data-id=\"e8afb71\" data-element_type=\"widget\" data-widget_type=\"heading.default\">\n\t\t\t\t<div class=\"elementor-widget-container\">\n\t\t\t\t\t<h2 class=\"elementor-heading-title elementor-size-default\">Colaboraci\u00f3n<\/h2>\t\t\t\t<\/div>\n\t\t\t\t<\/div>\n\t\t\t\t<div class=\"elementor-element elementor-element-fb44945 elementor-widget elementor-widget-text-editor\" data-id=\"fb44945\" data-element_type=\"widget\" data-widget_type=\"text-editor.default\">\n\t\t\t\t<div class=\"elementor-widget-container\">\n\t\t\t\t\t\t\t\t\t<p class=\"p1\">Creemos en la fuerza del trabajo en red y en alianzas estrat\u00e9gicas, nacionales e internacionales, como motores para el avance cient\u00edfico y el fortalecimiento de nuestra disciplina.<\/p>\t\t\t\t\t\t\t\t<\/div>\n\t\t\t\t<\/div>\n\t\t\t\t<\/div>\n\t\t<div class=\"elementor-element elementor-element-b82cb9d e-con-full e-flex wpr-particle-no wpr-jarallax-no wpr-parallax-no wpr-sticky-section-no e-con e-child\" data-id=\"b82cb9d\" data-element_type=\"container\" data-settings=\"{&quot;background_background&quot;:&quot;classic&quot;}\">\n\t\t\t\t<\/div>\n\t\t\t\t\t<\/div>\n\t\t\t\t<\/div>\n\t\t<div class=\"elementor-element elementor-element-25643ef e-flex e-con-boxed wpr-particle-no wpr-jarallax-no wpr-parallax-no wpr-sticky-section-no e-con e-parent\" data-id=\"25643ef\" data-element_type=\"container\">\n\t\t\t\t\t<div class=\"e-con-inner\">\n\t\t\t\t<div class=\"elementor-element elementor-element-82dbd71 elementor-widget elementor-widget-image\" data-id=\"82dbd71\" data-element_type=\"widget\" data-widget_type=\"image.default\">\n\t\t\t\t<div class=\"elementor-widget-container\">\n\t\t\t\t\t\t\t\t\t\t\t\t\t\t\t<img decoding=\"async\" width=\"800\" height=\"450\" src=\"https:\/\/higadocolombia.org\/wp-content\/uploads\/2025\/04\/Junta-ACH_2025-2027-02-1024x576.png\" class=\"attachment-large size-large wp-image-1365\" alt=\"\" srcset=\"https:\/\/higadocolombia.org\/wp-content\/uploads\/2025\/04\/Junta-ACH_2025-2027-02-1024x576.png 1024w, https:\/\/higadocolombia.org\/wp-content\/uploads\/2025\/04\/Junta-ACH_2025-2027-02-300x169.png 300w, https:\/\/higadocolombia.org\/wp-content\/uploads\/2025\/04\/Junta-ACH_2025-2027-02-768x432.png 768w, https:\/\/higadocolombia.org\/wp-content\/uploads\/2025\/04\/Junta-ACH_2025-2027-02-1536x864.png 1536w, https:\/\/higadocolombia.org\/wp-content\/uploads\/2025\/04\/Junta-ACH_2025-2027-02-2048x1151.png 2048w\" sizes=\"(max-width: 800px) 100vw, 800px\" \/>\t\t\t\t\t\t\t\t\t\t\t\t\t\t\t<\/div>\n\t\t\t\t<\/div>\n\t\t\t\t\t<\/div>\n\t\t\t\t<\/div>\n\t\t<div class=\"elementor-element elementor-element-b1b5864 e-flex e-con-boxed wpr-particle-no wpr-jarallax-no wpr-parallax-no wpr-sticky-section-no e-con e-parent\" data-id=\"b1b5864\" data-element_type=\"container\" data-settings=\"{&quot;background_background&quot;:&quot;classic&quot;}\">\n\t\t\t\t\t<div class=\"e-con-inner\">\n\t\t\t\t<div class=\"elementor-element elementor-element-442b21c elementor-widget elementor-widget-heading\" data-id=\"442b21c\" data-element_type=\"widget\" data-widget_type=\"heading.default\">\n\t\t\t\t<div class=\"elementor-widget-container\">\n\t\t\t\t\t<h2 class=\"elementor-heading-title elementor-size-default\">\u00bfQuieres ser parte de la Asociaci\u00f3n Colombiana de Hepatolog\u00eda?<\/h2>\t\t\t\t<\/div>\n\t\t\t\t<\/div>\n\t\t\t\t<div class=\"elementor-element elementor-element-f7ee5c0 elementor-widget elementor-widget-heading\" data-id=\"f7ee5c0\" data-element_type=\"widget\" data-widget_type=\"heading.default\">\n\t\t\t\t<div class=\"elementor-widget-container\">\n\t\t\t\t\t<h2 class=\"elementor-heading-title elementor-size-default\">Env\u00edanos un correo a soporte@higadocolombia.org<\/h2>\t\t\t\t<\/div>\n\t\t\t\t<\/div>\n\t\t\t\t\t<\/div>\n\t\t\t\t<\/div>\n\t\t<div class=\"elementor-element elementor-element-f7f2914 e-con-full e-flex wpr-particle-no wpr-jarallax-no wpr-parallax-no wpr-sticky-section-no e-con e-parent\" data-id=\"f7f2914\" data-element_type=\"container\">\n\t\t\t\t<div class=\"elementor-element elementor-element-02d37fa elementor-arrows-position-inside elementor-pagination-position-outside elementor-widget elementor-widget-image-carousel\" data-id=\"02d37fa\" data-element_type=\"widget\" data-settings=\"{&quot;slides_to_show&quot;:&quot;1&quot;,&quot;navigation&quot;:&quot;both&quot;,&quot;autoplay&quot;:&quot;yes&quot;,&quot;pause_on_hover&quot;:&quot;yes&quot;,&quot;pause_on_interaction&quot;:&quot;yes&quot;,&quot;autoplay_speed&quot;:5000,&quot;infinite&quot;:&quot;yes&quot;,&quot;effect&quot;:&quot;slide&quot;,&quot;speed&quot;:500}\" data-widget_type=\"image-carousel.default\">\n\t\t\t\t<div class=\"elementor-widget-container\">\n\t\t\t\t\t\t\t<div class=\"elementor-image-carousel-wrapper swiper\" role=\"region\" aria-roledescription=\"carousel\" aria-label=\"Image Carousel\" dir=\"ltr\">\n\t\t\t<div class=\"elementor-image-carousel swiper-wrapper\" aria-live=\"off\">\n\t\t\t\t\t\t\t\t<div class=\"swiper-slide\" role=\"group\" aria-roledescription=\"slide\" aria-label=\"1 of 1\"><figure class=\"swiper-slide-inner\"><img decoding=\"async\" class=\"swiper-slide-image\" src=\"https:\/\/higadocolombia.org\/wp-content\/uploads\/2024\/01\/i_pagina_web_2020.jpg\" alt=\"i_pagina_web_2020\" \/><\/figure><\/div>\t\t\t<\/div>\n\t\t\t\t\t<\/div>\n\t\t\t\t\t\t<\/div>\n\t\t\t\t<\/div>\n\t\t\t\t<\/div>\n\t\t\t\t<\/div>\n\t\t","protected":false},"excerpt":{"rendered":"<p>Conoce m\u00e1s sobre la Asociaci\u00f3n Colombiana de Hepatolog\u00eda HISTORIA La idea surgi\u00f3 en la ciudad de Medell\u00edn, el 1 de abril de 1987 en la biblioteca de la Asociaci\u00f3n m\u00e9dica de Antioquia, reuni\u00f3n promovida por el Dr. Carlos Jaramillo con los Drs. Gonzalo Correa y Mario Arbel\u00e1ez en raz\u00f3n de una comunicaci\u00f3n recibida por el Dr. Jaramillo envidada por el Dr. Luis C. Dacosta presidente de la Asoc. Latinoam\u00e9rica de Enfermedades del H\u00edgado, para constituir un cap\u00edtulo Colombiano de personas interesadas en las enfermedades del h\u00edgado. MISI\u00d3N La Asociaci\u00f3n Colombiana de Hepatolog\u00eda trabaja para promover la excelencia en la atenci\u00f3n de las enfermedades hep\u00e1ticas, impulsar la investigaci\u00f3n colaborativa y fortalecer la educaci\u00f3n m\u00e9dica continua, siempre comprometida con la innovaci\u00f3n, la inclusi\u00f3n y el bienestar de sus asociados. Escuchando activamente la voz de sus agremiados, busca disminuir las brechas de calidad en la atenci\u00f3n en todo el pa\u00eds y mejorar la salud hep\u00e1tica de la poblaci\u00f3n, proyectando a la hepatolog\u00eda colombiana hacia un futuro de liderazgo nacional e internacional. VISI\u00d3N La Asociaci\u00f3n Colombiana de Hepatolog\u00eda ser\u00e1 un referente en educaci\u00f3n, investigaci\u00f3n y equidad en salud hep\u00e1tica, fortaleciendo el bienestar de sus asociados, reduciendo las brechas en la atenci\u00f3n y mejorando la calidad de vida de los pacientes con enfermedad hep\u00e1tica en Colombia, mientras consolida su proyecci\u00f3n y liderazgo en el \u00e1mbito internacional. Nuestros valores Excelencia Nos comprometemos a alcanzar los m\u00e1s altos est\u00e1ndares en la atenci\u00f3n m\u00e9dica, la investigaci\u00f3n y la formaci\u00f3n acad\u00e9mica, guiados siempre por la calidad y el rigor cient\u00edfico. Innovaci\u00f3n Impulsamos el cambio y la modernizaci\u00f3n continua en la pr\u00e1ctica m\u00e9dica, la investigaci\u00f3n y la educaci\u00f3n, adapt\u00e1ndonos a los desaf\u00edos actuales y futuros de la hepatolog\u00eda. Equidad Trabajamos para disminuir las brechas en el acceso a la atenci\u00f3n de calidad en todo el pa\u00eds, promoviendo una salud hep\u00e1tica inclusiva y justa para todos los colombianos. Bienestar de los asociados Promovemos un entorno de apoyo, crecimiento profesional y defensa gremial para nuestros miembros, reconociendo su papel fundamental en la transformaci\u00f3n de la salud hep\u00e1tica en Colombia. Participaci\u00f3n y democracia Valoramos la voz activa de nuestros agremiados en la toma de decisiones, fomentando la transparencia, la inclusi\u00f3n regional y la renovaci\u00f3n permanente del liderazgo. Compromiso social Extendemos nuestra labor m\u00e1s all\u00e1 del \u00e1mbito acad\u00e9mico y cient\u00edfico, buscando impactar positivamente en la vida de los pacientes y en las comunidades m\u00e1s vulnerables. Colaboraci\u00f3n Creemos en la fuerza del trabajo en red y en alianzas estrat\u00e9gicas, nacionales e internacionales, como motores para el avance cient\u00edfico y el fortalecimiento de nuestra disciplina. \u00bfQuieres ser parte de la Asociaci\u00f3n Colombiana de Hepatolog\u00eda? Env\u00edanos un correo a soporte@higadocolombia.org<\/p>\n","protected":false},"author":1,"featured_media":0,"parent":0,"menu_order":0,"comment_status":"closed","ping_status":"closed","template":"elementor_header_footer","meta":{"footnotes":""},"_links":{"self":[{"href":"https:\/\/higadocolombia.org\/inicio\/wp-json\/wp\/v2\/pages\/260"}],"collection":[{"href":"https:\/\/higadocolombia.org\/inicio\/wp-json\/wp\/v2\/pages"}],"about":[{"href":"https:\/\/higadocolombia.org\/inicio\/wp-json\/wp\/v2\/types\/page"}],"author":[{"embeddable":true,"href":"https:\/\/higadocolombia.org\/inicio\/wp-json\/wp\/v2\/users\/1"}],"replies":[{"embeddable":true,"href":"https:\/\/higadocolombia.org\/inicio\/wp-json\/wp\/v2\/comments?post=260"}],"version-history":[{"count":16,"href":"https:\/\/higadocolombia.org\/inicio\/wp-json\/wp\/v2\/pages\/260\/revisions"}],"predecessor-version":[{"id":1407,"href":"https:\/\/higadocolombia.org\/inicio\/wp-json\/wp\/v2\/pages\/260\/revisions\/1407"}],"wp:attachment":[{"href":"https:\/\/higadocolombia.org\/inicio\/wp-json\/wp\/v2\/media?parent=260"}],"curies":[{"name":"wp","href":"https:\/\/api.w.org\/{rel}","templated":true}]}}